{"id":4512,"date":"2025-12-07T00:37:53","date_gmt":"2025-12-06T23:37:53","guid":{"rendered":"https:\/\/vedtilventeren.com\/?post_type=product&#038;p=4512"},"modified":"2025-12-07T00:38:14","modified_gmt":"2025-12-06T23:38:14","slug":"palette-de-2st-de-bois-de-chauffage-sec-sechoirs-g1h1-pret-a-lemploi-melange-feuillus","status":"publish","type":"product","link":"https:\/\/vedtilventeren.com\/fr\/produit\/palette-de-2st-de-bois-de-chauffage-sec-sechoirs-g1h1-pret-a-lemploi-melange-feuillus\/","title":{"rendered":"Palette de 2st de bois de chauffage sec s\u00e9choirs G1H1 &#8211; pr\u00eat \u00e0 l&#8217;emploi &#8211; m\u00e9lange feuillus"},"content":{"rendered":"<p>Bois de chauffage sec en palettes<br \/>\nVous voulez \u00e9viter la corv\u00e9e de rangement de bois de chauffage, vous pouvez commander du bois de chauffage d\u00e9j\u00e0 rang\u00e9 sur une structure en bois, livr\u00e9 dans votre garage! Vous n&rsquo;aurez plus \u00e0 ous soucier du stockage et du rangement du bois.<br \/>\n&nbsp;Plus d&rsquo;\u00e9corces ni de d\u00e9chets \u00e0 ramasser apr\u00e8s la livraison, votre bois est propre et rang\u00e9, pr\u00eat \u00e0 l&#8217;emploi.&nbsp;<br \/>\nLa palette est compos\u00e9e uniquement de quartiers de bois, parmi les essences les plus calorifiques: le h\u00eatre, le ch\u00eane, le charme et le fr\u00eane.<br \/>\nLe bois de chauffage Piskorski est un produit unique: \u00e9tuv\u00e9 il est pr\u00eat \u00e0 br\u00fbler dans la chemin\u00e9e, le po\u00eale ou l&rsquo;insert; plus de parasites ni de mousses qui sont d\u00e9truites au s\u00e9chage. Vous profiterez d&rsquo;un bois qui s&rsquo;allume rapidement et facilement, qui d\u00e9gage beaucoup plus d&rsquo;\u00e9nergie qu&rsquo;un bois humide ou m\u00eame s\u00e9ch\u00e9 naturellement.&nbsp;<br \/>\n&nbsp;<br \/>\nPlus de gaspillage de calories avec du bois de chauffage sec!<br \/>\n&nbsp;<br \/>\nPensez \u00e0 laisser la place pour la livraison des palettes:&nbsp;<\/p>\n<p>Sol lisse et roulant<br \/>\nDimensions de la palette (0.8m x 1m20 x 1m75 (40cm))<br \/>\nPas de marches ni de seuils de portes &gt;5cm<br \/>\nAcc\u00e8s pour un camion 19T ou son chariot embarqu\u00e9<\/p>\n<p>&nbsp;<\/p>\n<p>Vente en ligne de bois de chauffage, pellets &amp; bois compress\u00e9<br \/>\nPiskorski bois energie met \u00e0 disposition des solutions de chauffage hautes performances pour tout type d\u2019appareil. Bois b\u00fbche, granul\u00e9s de bois, b\u00fbches densifi\u00e9es &amp; bois pour four \u00e0 bois, les produits propos\u00e9s sur la boutique en ligne sont garantis de qualit\u00e9 et conf\u00e8rent un pouvoir calorifique \u00e9lev\u00e9 pour une chauffe optimale de votre int\u00e9rieur. Exploitant forestier en Lorraine, Piskorski propose du bois de chauffage et pellets issus de son exploitation et travaille \u00e9galement avec des marques reconnues afin d\u2019\u00e9largir sa gamme. Pour une offre compl\u00e8te, accessoires pour l\u2019allumage du feu et pour les appareils de chauffage (serviteurs, rangements pour le bois, produits d\u2019entretien pour chemin\u00e9e et po\u00eale&#8230;) sont \u00e9galement disponibles sur notre site de vente en ligne.<\/p>\n<p>Hauteur 1,75m<br \/>\nLargeur 1.20m<br \/>\nPoids 860kg<br \/>\nLongueur 0.8m<br \/>\nHumidit\u00e9 contr\u00f4l\u00e9e 20%<br \/>\nPouvoir calorifique 2000kWh\/st<br \/>\nEssences H\u00eatre 90% &#8211; Charme, Fr\u00eane et Ch\u00eane<br \/>\nFormat Palette<br \/>\nLivraison Palette2st<\/p>\n<p>produit<br \/>\n\u00e0 partir de (qt\u00e9)<br \/>\nprix<\/p>\n<p> Palette de 2st de bois de chauffage sec s\u00e9choirs G1H1 &#8211; pr\u00eat \u00e0 l&#8217;emploi &#8211; m\u00e9lange feuillus<br \/>\n3<br \/>\n 270.00\u20ac (-10.00\u20ac)<\/p>\n<p> Voir l&rsquo;attestation de confiance<br \/>\nAvis soumis \u00e0 un contr\u00f4le<\/p>\n<p> Pour plus d&rsquo;informations sur les caract\u00e9ristiques du contr\u00f4le des avis et la possibilit\u00e9 de contacter l&rsquo;auteur de l&rsquo;avis, merci de consulter nos CGU.<br \/>\n Aucune contrepartie n&rsquo;a \u00e9t\u00e9 fournie en \u00e9change des avis<br \/>\n Les avis sont publi\u00e9s et conserv\u00e9s pendant une dur\u00e9e de cinq ans<br \/>\n Les avis ne sont pas modifiables : si un client souhaite modifier son avis, il doit contacter Avis Verifi\u00e9s afin de supprimer l&rsquo;avis existant, et en publier un nouveau<br \/>\n Les motifs de suppression des avis sont disponibles ici.<\/p>\n<p> 4.8 \/5<\/p>\n<p> Calcul\u00e9 \u00e0 partir de 361 avis client(s)<\/p>\n<p> 1<\/p>\n<p>   0  <\/p>\n<p> 2<\/p>\n<p>   0  <\/p>\n<p> 3<\/p>\n<p>   11  <\/p>\n<p> 4<\/p>\n<p>   56  <\/p>\n<p> 5<\/p>\n<p>   294  <\/p>\n<p> Trier l&rsquo;affichage des avis : &#8212;Les plus r\u00e9centsLes plus anciensNote la plus \u00e9lev\u00e9eNote la plus faibleLes plus utiles <\/p>\n<p> Marc C. publi\u00e9 le 15\/03\/2023 suite \u00e0 une commande du 15\/02\/2023<\/p>\n<p> 5\/5<\/p>\n<p> Bois de qualit\u00e9.<br \/>\n Cet avis vous a-t-il \u00e9t\u00e9 utile ? Oui 0 Non 0<\/p>\n<p> Jean-Ren\u00e9 L. publi\u00e9 le 04\/03\/2023 suite \u00e0 une commande du 15\/02\/2023<\/p>\n<p> 4\/5<\/p>\n<p> Bonnes b\u00fbches, tailles assorties, bien s\u00e8ches, bien conditionn\u00e9es. Seul b\u00e9mol: il ne s&rsquo;agit pas \u00ab\u00a0d&rsquo;un m\u00e9lange de feuillus\u00a0\u00bb mais de h\u00eatre exclusivement.<br \/>\n Cet avis vous a-t-il \u00e9t\u00e9 utile ? Oui 0 Non 0<\/p>\n<p> Olivier D. publi\u00e9 le 11\/02\/2023 suite \u00e0 une commande du 24\/01\/2023<\/p>\n<p> 4\/5<\/p>\n<p> Comme d habitude, bon bois bien sec, bien rang\u00e9. Livraison impeccable. Le seul bemol est le prix. Avec les recentes augmentations (comme partout, cela dit), ca devient limite payable (dans ce format, en tout cas.)<br \/>\n Cet avis vous a-t-il \u00e9t\u00e9 utile ? Oui 0 Non 0<\/p>\n<p> Norbert C. publi\u00e9 le 03\/02\/2023 suite \u00e0 une commande du 18\/01\/2023<\/p>\n<p> 4\/5<\/p>\n<p> Je comprends bien qu&rsquo;une palette de bois n&rsquo;est pas du vrac..et que le bois prend de la valeur..mais un peu cher \u00e0 mon go\u00fbt..c&rsquo;est mon opinion<br \/>\n Cet avis vous a-t-il \u00e9t\u00e9 utile ? Oui 1 Non 0<\/p>\n<p> Jacques G. publi\u00e9 le 03\/02\/2023 suite \u00e0 une commande du 22\/01\/2023<\/p>\n<p> 4\/5<\/p>\n<p> Palette de 2st de bois de chauffage sec s\u00e9choirs G1H1-pr\u00e8t \u00e0 l&#8217;emploi-m\u00e9lange feuillus-Longueur:25 cm (2st) Le bois a une bonne qualit\u00e9 mais la seule chose que j&rsquo;ai a critiquer est qu&rsquo;il y a de grandes diff\u00e9rences en calibre.<br \/>\n Cet avis vous a-t-il \u00e9t\u00e9 utile ? Oui 0 Non 0<\/p>\n<p> Boris B. publi\u00e9 le 03\/02\/2023 suite \u00e0 une commande du 21\/01\/2023<\/p>\n<p> 5\/5<\/p>\n<p> Bois d&rsquo;excellente qualit\u00e9, bien conditionn\u00e9. Un peu ch\u00e8re, mais qu&rsquo;est-ce qu&rsquo;il ne l &lsquo;ai pas en ce moment ?!!!<br \/>\n Cet avis vous a-t-il \u00e9t\u00e9 utile ? Oui 0 Non 0<\/p>\n<p> Plus de commentaires&#8230;<\/p>\n<p> \u00d7<\/p>\n<p>Exported using <a href=\"https:\/\/boatscrape.com\/\">BoatScrape<\/a><\/p>","protected":false},"excerpt":{"rendered":"<p>Palette de 2 st\u00e8res de Bois de chauffage Sec G1H1&nbsp;s\u00e9ch\u00e9 en s\u00e9choirs.<br \/>\nHumidit\u00e9 &nbsp;du bois contr\u00f4l\u00e9e lors du s\u00e9chage, garantie inf\u00e9rieure \u00e0 20%, pour un rendement maximum.&nbsp;<br \/>\nD\u00e9j\u00e0 rang\u00e9, pr\u00eat \u00e0 l&#8217;emploi, propre, pratique et esth\u00e9tique.<br \/>\nQuantit\u00e9s imit\u00e9es \u00e0&nbsp;3 palettes par foyer.<br \/>\n  En savoir plus<\/p>","protected":false},"featured_media":4551,"comment_status":"open","ping_status":"closed","template":"","meta":[],"product_brand":[],"product_cat":[590],"product_tag":[],"class_list":{"0":"post-4512","1":"product","2":"type-product","3":"status-publish","4":"has-post-thumbnail","6":"product_cat-bois-de-chauffage","8":"first","9":"instock","10":"shipping-taxable","11":"purchasable","12":"product-type-simple"},"jetpack_sharing_enabled":true,"_links":{"self":[{"href":"https:\/\/vedtilventeren.com\/fr\/wp-json\/wp\/v2\/product\/4512","targetHints":{"allow":["GET"]}}],"collection":[{"href":"https:\/\/vedtilventeren.com\/fr\/wp-json\/wp\/v2\/product"}],"about":[{"href":"https:\/\/vedtilventeren.com\/fr\/wp-json\/wp\/v2\/types\/product"}],"replies":[{"embeddable":true,"href":"https:\/\/vedtilventeren.com\/fr\/wp-json\/wp\/v2\/comments?post=4512"}],"version-history":[{"count":1,"href":"https:\/\/vedtilventeren.com\/fr\/wp-json\/wp\/v2\/product\/4512\/revisions"}],"predecessor-version":[{"id":4552,"href":"https:\/\/vedtilventeren.com\/fr\/wp-json\/wp\/v2\/product\/4512\/revisions\/4552"}],"wp:featuredmedia":[{"embeddable":true,"href":"https:\/\/vedtilventeren.com\/fr\/wp-json\/wp\/v2\/media\/4551"}],"wp:attachment":[{"href":"https:\/\/vedtilventeren.com\/fr\/wp-json\/wp\/v2\/media?parent=4512"}],"wp:term":[{"taxonomy":"product_brand","embeddable":true,"href":"https:\/\/vedtilventeren.com\/fr\/wp-json\/wp\/v2\/product_brand?post=4512"},{"taxonomy":"product_cat","embeddable":true,"href":"https:\/\/vedtilventeren.com\/fr\/wp-json\/wp\/v2\/product_cat?post=4512"},{"taxonomy":"product_tag","embeddable":true,"href":"https:\/\/vedtilventeren.com\/fr\/wp-json\/wp\/v2\/product_tag?post=4512"}],"curies":[{"name":"wp","href":"https:\/\/api.w.org\/{rel}","templated":true}]}}