{"id":4513,"date":"2025-12-07T00:37:53","date_gmt":"2025-12-06T23:37:53","guid":{"rendered":"https:\/\/vedtilventeren.com\/?post_type=product&#038;p=4513"},"modified":"2025-12-07T00:38:19","modified_gmt":"2025-12-06T23:38:19","slug":"palette-de-1st-de-bois-de-chauffage-sec-sechoirs-pret-a-lemploi-melange-feuillus","status":"publish","type":"product","link":"https:\/\/vedtilventeren.com\/fr\/produit\/palette-de-1st-de-bois-de-chauffage-sec-sechoirs-pret-a-lemploi-melange-feuillus\/","title":{"rendered":"Palette de 1st de bois de chauffage sec s\u00e9choirs &#8211; pr\u00eat \u00e0 l&#8217;emploi &#8211; m\u00e9lange feuillus"},"content":{"rendered":"<p>Le bois de chauffage Piskorski est s\u00e9ch\u00e9 artificiellement en s\u00e9choirs, pendant 5 jours \u00e0 une temp\u00e9rature de 85\u00b0C pour atteindre une humidit\u00e9 garantie inf\u00e9rieure \u00e0 20%.<br \/>\nCompte tenu de ce syst\u00e8me de s\u00e9chage, chaque b\u00fbche est s\u00e8che m\u00eame \u00e0 coeur, et ceci tout au long de l&rsquo;ann\u00e9e. Le bois de chauffage sec est disponible et de m\u00eame qualit\u00e9 de Janvier \u00e0 D\u00e9cembre.<br \/>\nAvec la palette de 1 st\u00e8re de bois, vous disposez de votre bois pr\u00eat \u00e0 l&#8217;emploi, pour un stockage facile et une combustion imm\u00e9diate.<\/p>\n<p>Le bois s\u00e9ch\u00e9 en s\u00e9choirs contient 20% de plus d&rsquo;\u00e9n\u00e9rgie que tout autre bois s\u00e9ch\u00e9 naturellement, car m\u00eame \u00e0 coeur, le bois est sec. Il est donc plus \u00e9conomique de br\u00fbler du bois s\u00e9ch\u00e9 que du bois traditionnel.&nbsp;<br \/>\nDe plus, une partie de l&rsquo;\u00e9corce se d\u00e9tachant lors du s\u00e9chage, moins de cendres seront produites lors de la combustion.<\/p>\n<p>De nombreux avantages sont li\u00e9es \u00e0 la consommation de bois de chauffage sec sur palettes:<\/p>\n<p>Pas de corv\u00e9e de rangement<br \/>\nStockage facile<br \/>\nLivraison sur mesure, dans le garage<br \/>\nConsommation imm\u00e9diate<br \/>\nRendement \u00e9nerg\u00e9tique exceptionnel<br \/>\nD\u00e9marrage facile<br \/>\nPas de fum\u00e9es<br \/>\nPeu de cendres<br \/>\nChaleur incomparable<br \/>\nPas d&rsquo;insectes<br \/>\nPeu de poussi\u00e8re<\/p>\n<p>Vente en ligne de bois de chauffage, pellets &amp; bois compress\u00e9<br \/>\nPiskorski bois energie met \u00e0 disposition des solutions de chauffage hautes performances pour tout type d\u2019appareil. Bois b\u00fbche, granul\u00e9s de bois, b\u00fbches densifi\u00e9es &amp; bois pour four \u00e0 bois, les produits propos\u00e9s sur la boutique en ligne sont garantis de qualit\u00e9 et conf\u00e8rent un pouvoir calorifique \u00e9lev\u00e9 pour une chauffe optimale de votre int\u00e9rieur. Exploitant forestier en Lorraine, Piskorski propose du bois de chauffage et pellets issus de son exploitation et travaille \u00e9galement avec des marques reconnues afin d\u2019\u00e9largir sa gamme. Pour une offre compl\u00e8te, accessoires pour l\u2019allumage du feu et pour les appareils de chauffage (serviteurs, rangements pour le bois, produits d\u2019entretien pour chemin\u00e9e et po\u00eale&#8230;) sont \u00e9galement disponibles sur notre site de vente en ligne.<\/p>\n<p>Longueur 25cm, 33cm ou 40cm +\/- 5%,<br \/>\nHumidit\u00e9 contr\u00f4l\u00e9e 20%<br \/>\nPouvoir calorifique 2000 kWh<br \/>\nEssences H\u00eatre 90% &#8211; Charme, Fr\u00eane et Ch\u00eane<br \/>\nFormat Uniquement en Quartiers<br \/>\nLivraison Palette1st<\/p>\n<p>produit<br \/>\n\u00e0 partir de (qt\u00e9)<br \/>\nprix<\/p>\n<p> Palette de 1st de bois de chauffage sec s\u00e9choirs &#8211; pr\u00eat \u00e0 l&#8217;emploi &#8211; m\u00e9lange feuillus<br \/>\n3<br \/>\n 165.00\u20ac (-5.00\u20ac)<\/p>\n<p> Voir l&rsquo;attestation de confiance<br \/>\nAvis soumis \u00e0 un contr\u00f4le<\/p>\n<p> Pour plus d&rsquo;informations sur les caract\u00e9ristiques du contr\u00f4le des avis et la possibilit\u00e9 de contacter l&rsquo;auteur de l&rsquo;avis, merci de consulter nos CGU.<br \/>\n Aucune contrepartie n&rsquo;a \u00e9t\u00e9 fournie en \u00e9change des avis<br \/>\n Les avis sont publi\u00e9s et conserv\u00e9s pendant une dur\u00e9e de cinq ans<br \/>\n Les avis ne sont pas modifiables : si un client souhaite modifier son avis, il doit contacter Avis Verifi\u00e9s afin de supprimer l&rsquo;avis existant, et en publier un nouveau<br \/>\n Les motifs de suppression des avis sont disponibles ici.<\/p>\n<p> 4.9 \/5<\/p>\n<p> Calcul\u00e9 \u00e0 partir de 64 avis client(s)<\/p>\n<p> 1<\/p>\n<p>   1  <\/p>\n<p> 2<\/p>\n<p>   0  <\/p>\n<p> 3<\/p>\n<p>   1  <\/p>\n<p> 4<\/p>\n<p>   3  <\/p>\n<p> 5<\/p>\n<p>   59  <\/p>\n<p> Trier l&rsquo;affichage des avis : &#8212;Les plus r\u00e9centsLes plus anciensNote la plus \u00e9lev\u00e9eNote la plus faibleLes plus utiles <\/p>\n<p> Paul H. publi\u00e9 le 25\/11\/2022 suite \u00e0 une commande du 16\/09\/2022<\/p>\n<p> 5\/5<\/p>\n<p> Emballage parfait et livraison soign\u00e9e<br \/>\n Cet avis vous a-t-il \u00e9t\u00e9 utile ? Oui 0 Non 0<\/p>\n<p> Claude A. publi\u00e9 le 12\/06\/2022 suite \u00e0 une commande du 19\/05\/2022<\/p>\n<p> 5\/5<\/p>\n<p> tout est parfait<br \/>\n Cet avis vous a-t-il \u00e9t\u00e9 utile ? Oui 0 Non 0<\/p>\n<p> Fred E. publi\u00e9 le 26\/03\/2022 suite \u00e0 une commande du 16\/03\/2022<\/p>\n<p> 5\/5<\/p>\n<p> Tr\u00e8s pratique<br \/>\n Cet avis vous a-t-il \u00e9t\u00e9 utile ? Oui 0 Non 0<\/p>\n<p> Noel M. publi\u00e9 le 08\/02\/2022 suite \u00e0 une commande du 27\/01\/2022<\/p>\n<p> 5\/5<\/p>\n<p> Abcdefg<br \/>\n Cet avis vous a-t-il \u00e9t\u00e9 utile ? Oui 1 Non 0<\/p>\n<p> Annette L. publi\u00e9 le 19\/01\/2022 suite \u00e0 une commande du 30\/12\/2021<\/p>\n<p> 3\/5<\/p>\n<p> Le bois est tres bien mais j avais commande 50 cm et j ai recu 30.. du coup c un petit ratage^^ apres pour moi tant que j ai 2 steres tout va bien \ud83d\ude42<br \/>\n Cet avis vous a-t-il \u00e9t\u00e9 utile ? Oui 1 Non 0<\/p>\n<p> Sami E. publi\u00e9 le 17\/12\/2021 suite \u00e0 une commande du 25\/11\/2021<\/p>\n<p> 5\/5<\/p>\n<p> Stockage hyper optimis\u00e9 du bois sur la palette. Excellent travail !!!<br \/>\n Cet avis vous a-t-il \u00e9t\u00e9 utile ? Oui 1 Non 0<\/p>\n<p> Plus de commentaires&#8230;<\/p>\n<p> \u00d7<\/p>\n<p>Exported using <a href=\"https:\/\/boatscrape.com\/\">BoatScrape<\/a><\/p>","protected":false},"excerpt":{"rendered":"<p>Palette de 1 st\u00e8re de bois de chauffage rang\u00e9e.<br \/>\n&nbsp;Bois garanti sec, avec une humidit\u00e9 inf\u00e9rieure \u00e0 20%.&nbsp;<br \/>\nLa palette est compos\u00e9e uniquement de quartiers de bois, parmi les essences les plus calorifiques: le h\u00eatre, le ch\u00eane, le charme et le fr\u00eane.<\/p>\n<p>  En savoir plus<\/p>","protected":false},"featured_media":4557,"comment_status":"open","ping_status":"closed","template":"","meta":[],"product_brand":[],"product_cat":[590],"product_tag":[],"class_list":{"0":"post-4513","1":"product","2":"type-product","3":"status-publish","4":"has-post-thumbnail","6":"product_cat-bois-de-chauffage","8":"first","9":"instock","10":"shipping-taxable","11":"purchasable","12":"product-type-simple"},"jetpack_sharing_enabled":true,"_links":{"self":[{"href":"https:\/\/vedtilventeren.com\/fr\/wp-json\/wp\/v2\/product\/4513","targetHints":{"allow":["GET"]}}],"collection":[{"href":"https:\/\/vedtilventeren.com\/fr\/wp-json\/wp\/v2\/product"}],"about":[{"href":"https:\/\/vedtilventeren.com\/fr\/wp-json\/wp\/v2\/types\/product"}],"replies":[{"embeddable":true,"href":"https:\/\/vedtilventeren.com\/fr\/wp-json\/wp\/v2\/comments?post=4513"}],"version-history":[{"count":1,"href":"https:\/\/vedtilventeren.com\/fr\/wp-json\/wp\/v2\/product\/4513\/revisions"}],"predecessor-version":[{"id":4558,"href":"https:\/\/vedtilventeren.com\/fr\/wp-json\/wp\/v2\/product\/4513\/revisions\/4558"}],"wp:featuredmedia":[{"embeddable":true,"href":"https:\/\/vedtilventeren.com\/fr\/wp-json\/wp\/v2\/media\/4557"}],"wp:attachment":[{"href":"https:\/\/vedtilventeren.com\/fr\/wp-json\/wp\/v2\/media?parent=4513"}],"wp:term":[{"taxonomy":"product_brand","embeddable":true,"href":"https:\/\/vedtilventeren.com\/fr\/wp-json\/wp\/v2\/product_brand?post=4513"},{"taxonomy":"product_cat","embeddable":true,"href":"https:\/\/vedtilventeren.com\/fr\/wp-json\/wp\/v2\/product_cat?post=4513"},{"taxonomy":"product_tag","embeddable":true,"href":"https:\/\/vedtilventeren.com\/fr\/wp-json\/wp\/v2\/product_tag?post=4513"}],"curies":[{"name":"wp","href":"https:\/\/api.w.org\/{rel}","templated":true}]}}