{"id":4514,"date":"2025-12-07T00:37:54","date_gmt":"2025-12-06T23:37:54","guid":{"rendered":"https:\/\/vedtilventeren.com\/?post_type=product&#038;p=4514"},"modified":"2025-12-07T00:41:16","modified_gmt":"2025-12-06T23:41:16","slug":"bois-de-chauffage-en-buches-vert-stere-non-seche","status":"publish","type":"product","link":"https:\/\/vedtilventeren.com\/fr\/produit\/bois-de-chauffage-en-buches-vert-stere-non-seche\/","title":{"rendered":"Bois de chauffage en b\u00fbches \u00ab\u00a0vert\u00a0\u00bb (st\u00e8re) &#8211; non s\u00e9ch\u00e9"},"content":{"rendered":"<p>Le bois de chauffage pas cher livr\u00e9 \u00e0 domicile<br \/>\nUn bois b\u00fbche de qualit\u00e9 sup\u00e9rieure \u00e0 stocker environ 18 \u00e0 24 mois pour une utilisation id\u00e9ale dans l&rsquo;appareil de chauffage.&nbsp;<br \/>\nBois uniquement en quartiers de h\u00eatre, charme, ch\u00eane et fr\u00eane<br \/>\nLongueur 25cm, 33cm ou 40cm +\/- 5%<br \/>\nLivraison en vrac par benne. V\u00e9rifiez bien que les camions de livraison peuvent acc\u00e9der \u00e0 l&rsquo;endroit d\u00e9sir\u00e9 pour vider.<\/p>\n<p>Vente en ligne de bois de chauffage, pellets &amp; bois compress\u00e9<br \/>\nPiskorski bois energie met \u00e0 disposition des solutions de chauffage hautes performances pour tout type d\u2019appareil. Bois b\u00fbche, granul\u00e9s de bois, b\u00fbches densifi\u00e9es &amp; bois pour four \u00e0 bois, les produits propos\u00e9s sur la boutique en ligne sont garantis de qualit\u00e9 et conf\u00e8rent un pouvoir calorifique \u00e9lev\u00e9 pour une chauffe optimale de votre int\u00e9rieur. Exploitant forestier en Lorraine, Piskorski propose du bois de chauffage et pellets issus de son exploitation et travaille \u00e9galement avec des marques reconnues afin d\u2019\u00e9largir sa gamme. Pour une offre compl\u00e8te, accessoires pour l\u2019allumage du feu et pour les appareils de chauffage (serviteurs, rangements pour le bois, produits d\u2019entretien pour chemin\u00e9e et po\u00eale&#8230;) sont \u00e9galement disponibles sur notre site de vente en ligne.<\/p>\n<p>Longueur 25cm, 33cm ou 40cm+\/- 5%<br \/>\nPouvoir calorifique 1600 kWh<br \/>\nEssences H\u00eatre 90% &#8211; Charme, Fr\u00eane et Ch\u00eane<br \/>\nFormat Uniquement en Quartiers<br \/>\nLivraison Livraison en vrac<br \/>\nStockage n\u00e9cessaire de 18 \u00e0 24 mois<\/p>\n<p>produit<br \/>\n\u00e0 partir de (qt\u00e9)<br \/>\nprix<\/p>\n<p> Bois de chauffage en b\u00fbches \u00ab\u00a0vert\u00a0\u00bb (st\u00e8re) &#8211; non s\u00e9ch\u00e9<br \/>\n15<br \/>\n 90.00\u20ac (-3.00\u20ac)<\/p>\n<p> Voir l&rsquo;attestation de confiance<br \/>\nAvis soumis \u00e0 un contr\u00f4le<\/p>\n<p> Pour plus d&rsquo;informations sur les caract\u00e9ristiques du contr\u00f4le des avis et la possibilit\u00e9 de contacter l&rsquo;auteur de l&rsquo;avis, merci de consulter nos CGU.<br \/>\n Aucune contrepartie n&rsquo;a \u00e9t\u00e9 fournie en \u00e9change des avis<br \/>\n Les avis sont publi\u00e9s et conserv\u00e9s pendant une dur\u00e9e de cinq ans<br \/>\n Les avis ne sont pas modifiables : si un client souhaite modifier son avis, il doit contacter Avis Verifi\u00e9s afin de supprimer l&rsquo;avis existant, et en publier un nouveau<br \/>\n Les motifs de suppression des avis sont disponibles ici.<\/p>\n<p> 4.5 \/5<\/p>\n<p> Calcul\u00e9 \u00e0 partir de 19 avis client(s)<\/p>\n<p> 1<\/p>\n<p>   0  <\/p>\n<p> 2<\/p>\n<p>   1  <\/p>\n<p> 3<\/p>\n<p>   0  <\/p>\n<p> 4<\/p>\n<p>   6  <\/p>\n<p> 5<\/p>\n<p>   12  <\/p>\n<p> Trier l&rsquo;affichage des avis : &#8212;Les plus r\u00e9centsLes plus anciensNote la plus \u00e9lev\u00e9eNote la plus faibleLes plus utiles <\/p>\n<p> Cyril Z. publi\u00e9 le 16\/12\/2022 suite \u00e0 une commande du 06\/09\/2022<\/p>\n<p> 5\/5<\/p>\n<p> Parfait<br \/>\n Cet avis vous a-t-il \u00e9t\u00e9 utile ? Oui 0 Non 0<\/p>\n<p> Jean-Fran\u00e7ois G. publi\u00e9 le 23\/11\/2022 suite \u00e0 une commande du 26\/08\/2022<\/p>\n<p> 5\/5<\/p>\n<p> Produit conforme \u00e0 mes attentes.<br \/>\n Cet avis vous a-t-il \u00e9t\u00e9 utile ? Oui 0 Non 0<\/p>\n<p> Christophe S. publi\u00e9 le 14\/08\/2022 suite \u00e0 une commande du 04\/07\/2022<\/p>\n<p> 2\/5<\/p>\n<p> Bcp trop de bous mort et vermoulu.<br \/>\n Cet avis vous a-t-il \u00e9t\u00e9 utile ? Oui 0 Non 1<\/p>\n<p> Frank A. publi\u00e9 le 24\/05\/2022 suite \u00e0 une commande du 16\/05\/2022<\/p>\n<p> 5\/5<\/p>\n<p> La marchandise est top<br \/>\n Cet avis vous a-t-il \u00e9t\u00e9 utile ? Oui 0 Non 1<\/p>\n<p> Zakia A. publi\u00e9 le 26\/04\/2022 suite \u00e0 une commande du 07\/04\/2022<\/p>\n<p> 4\/5<\/p>\n<p> Bien<br \/>\n Cet avis vous a-t-il \u00e9t\u00e9 utile ? Oui 0 Non 0<\/p>\n<p> Anonymous A. publi\u00e9 le 21\/06\/2021 suite \u00e0 une commande du 29\/04\/2021<\/p>\n<p> 5\/5<\/p>\n<p> Tr\u00e8s bien<br \/>\n Cet avis vous a-t-il \u00e9t\u00e9 utile ? Oui 0 Non 0<\/p>\n<p> Plus de commentaires&#8230;<\/p>\n<p> \u00d7<\/p>\n<p>Exported using <a href=\"https:\/\/boatscrape.com\/\">BoatScrape<\/a><\/p>","protected":false},"excerpt":{"rendered":"<p>Bois de chauffage vert, venant d&rsquo;\u00eatre coup\u00e9 et fendu.<br \/>\nBois \u00e0 stocker environ 24 mois pour atteindre une humidit\u00e9 id\u00e9ale pour la combustion.<br \/>\nDu bois de qualit\u00e9 au meilleur prix.&nbsp;<br \/>\nEssences s\u00e9lectionn\u00e9es, uniquement en quartiers.<br \/>\nLivraison sans frais suppl\u00e9mentaires \u00e0 partir de 5 st\u00e8res.<\/p>\n<p>  En savoir plus<\/p>","protected":false},"featured_media":4561,"comment_status":"open","ping_status":"closed","template":"","meta":[],"product_brand":[],"product_cat":[590],"product_tag":[],"class_list":{"0":"post-4514","1":"product","2":"type-product","3":"status-publish","4":"has-post-thumbnail","6":"product_cat-bois-de-chauffage","8":"first","9":"instock","10":"shipping-taxable","11":"purchasable","12":"product-type-simple"},"jetpack_sharing_enabled":true,"_links":{"self":[{"href":"https:\/\/vedtilventeren.com\/fr\/wp-json\/wp\/v2\/product\/4514","targetHints":{"allow":["GET"]}}],"collection":[{"href":"https:\/\/vedtilventeren.com\/fr\/wp-json\/wp\/v2\/product"}],"about":[{"href":"https:\/\/vedtilventeren.com\/fr\/wp-json\/wp\/v2\/types\/product"}],"replies":[{"embeddable":true,"href":"https:\/\/vedtilventeren.com\/fr\/wp-json\/wp\/v2\/comments?post=4514"}],"version-history":[{"count":1,"href":"https:\/\/vedtilventeren.com\/fr\/wp-json\/wp\/v2\/product\/4514\/revisions"}],"predecessor-version":[{"id":4562,"href":"https:\/\/vedtilventeren.com\/fr\/wp-json\/wp\/v2\/product\/4514\/revisions\/4562"}],"wp:featuredmedia":[{"embeddable":true,"href":"https:\/\/vedtilventeren.com\/fr\/wp-json\/wp\/v2\/media\/4561"}],"wp:attachment":[{"href":"https:\/\/vedtilventeren.com\/fr\/wp-json\/wp\/v2\/media?parent=4514"}],"wp:term":[{"taxonomy":"product_brand","embeddable":true,"href":"https:\/\/vedtilventeren.com\/fr\/wp-json\/wp\/v2\/product_brand?post=4514"},{"taxonomy":"product_cat","embeddable":true,"href":"https:\/\/vedtilventeren.com\/fr\/wp-json\/wp\/v2\/product_cat?post=4514"},{"taxonomy":"product_tag","embeddable":true,"href":"https:\/\/vedtilventeren.com\/fr\/wp-json\/wp\/v2\/product_tag?post=4514"}],"curies":[{"name":"wp","href":"https:\/\/api.w.org\/{rel}","templated":true}]}}