{"id":4515,"date":"2025-12-07T00:37:54","date_gmt":"2025-12-06T23:37:54","guid":{"rendered":"https:\/\/vedtilventeren.com\/?post_type=product&#038;p=4515"},"modified":"2025-12-07T00:41:20","modified_gmt":"2025-12-06T23:41:20","slug":"bois-de-chauffage-33cm-special-poele-de-masse-sec-sechoirs-pret-a-lemploi-resineux-feuillus","status":"publish","type":"product","link":"https:\/\/vedtilventeren.com\/fr\/produit\/bois-de-chauffage-33cm-special-poele-de-masse-sec-sechoirs-pret-a-lemploi-resineux-feuillus\/","title":{"rendered":"Bois de chauffage 33cm &#8211; sp\u00e9cial Po\u00eale de masse &#8211; sec s\u00e9choirs &#8211; pr\u00eat \u00e0 l&#8217;emploi &#8211; r\u00e9sineux\/feuillus"},"content":{"rendered":"<p>Le bois d\u00e9di\u00e9 aux po\u00eales de masse (non recommand\u00e9 pour les p\u00f4eles \u00e0 bois standards)<br \/>\nAttention! Les essences r\u00e9sineuses ne se br\u00fblent que dans les po\u00eales de masse dont la temp\u00e9rature de combustion est suffisante. Il est adapt\u00e9 au po\u00eales n\u00e9cessitant une combustion vive, au del\u00e0 de 600\u00b0C.<\/p>\n<p>Un bois b\u00fbche de qualit\u00e9 sup\u00e9rieure pour une utilisation imm\u00e9diate dans l&rsquo;appareil de chauffage, ce qui garanti le meilleur rendement de l&rsquo;appareil de chauffage, sans fum\u00e9es, et un encrassement minimum du conduit de chemin\u00e9e.<\/p>\n<p>Les avantages d&rsquo;un bois pass\u00e9 en s\u00e9choir:<\/p>\n<p>\u00e9corc\u00e9 par le s\u00e9chage et le tamisage<br \/>\nsans parasites, insectes, champignons<br \/>\ns&rsquo;allume tr\u00e8s facilement<br \/>\nuniquement en quartiers<br \/>\nbr\u00fble sans fum\u00e9es<br \/>\nn&rsquo;encrasse pas la chemin\u00e9e<br \/>\npas de gaspillage de calories<\/p>\n<p>&nbsp;<br \/>\nLivraison en vrac par camion benne.&nbsp;Veuillez v\u00e9rifier les dimensions de l&rsquo;acc\u00e8s pour nos v\u00e9hicules.<\/p>\n<p>Vente en ligne de bois de chauffage, pellets &amp; bois compress\u00e9<br \/>\nPiskorski bois energie met \u00e0 disposition des solutions de chauffage hautes performances pour tout type d\u2019appareil. Bois b\u00fbche, granul\u00e9s de bois, b\u00fbches densifi\u00e9es &amp; bois pour four \u00e0 bois, les produits propos\u00e9s sur la boutique en ligne sont garantis de qualit\u00e9 et conf\u00e8rent un pouvoir calorifique \u00e9lev\u00e9 pour une chauffe optimale de votre int\u00e9rieur. Exploitant forestier en Lorraine, Piskorski propose du bois de chauffage et pellets issus de son exploitation et travaille \u00e9galement avec des marques reconnues afin d\u2019\u00e9largir sa gamme. Pour une offre compl\u00e8te, accessoires pour l\u2019allumage du feu et pour les appareils de chauffage (serviteurs, rangements pour le bois, produits d\u2019entretien pour chemin\u00e9e et po\u00eale&#8230;) sont \u00e9galement disponibles sur notre site de vente en ligne.<\/p>\n<p>Profondeur 2000kWh\/st<br \/>\nPoids 350kg\/st<br \/>\nLongueur 33cm<br \/>\nEssences Bouleau, peuplier, epic\u00e9a, h\u00eatre, fr\u00eane<br \/>\nLivraison En vrac, par benne<\/p>\n<p>produit<br \/>\n\u00e0 partir de (qt\u00e9)<br \/>\nprix<\/p>\n<p> Bois de chauffage 33cm &#8211; sp\u00e9cial Po\u00eale de masse &#8211; sec s\u00e9choirs &#8211; pr\u00eat \u00e0 l&#8217;emploi &#8211; r\u00e9sineux\/feuillus<br \/>\n15<br \/>\n 98.00\u20ac (-3.00\u20ac)<\/p>\n<p> Voir l&rsquo;attestation de confiance<br \/>\nAvis soumis \u00e0 un contr\u00f4le<\/p>\n<p> Pour plus d&rsquo;informations sur les caract\u00e9ristiques du contr\u00f4le des avis et la possibilit\u00e9 de contacter l&rsquo;auteur de l&rsquo;avis, merci de consulter nos CGU.<br \/>\n Aucune contrepartie n&rsquo;a \u00e9t\u00e9 fournie en \u00e9change des avis<br \/>\n Les avis sont publi\u00e9s et conserv\u00e9s pendant une dur\u00e9e de cinq ans<br \/>\n Les avis ne sont pas modifiables : si un client souhaite modifier son avis, il doit contacter Avis Verifi\u00e9s afin de supprimer l&rsquo;avis existant, et en publier un nouveau<br \/>\n Les motifs de suppression des avis sont disponibles ici.<\/p>\n<p> 4.7 \/5<\/p>\n<p> Calcul\u00e9 \u00e0 partir de 45 avis client(s)<\/p>\n<p> 1<\/p>\n<p>   0  <\/p>\n<p> 2<\/p>\n<p>   1  <\/p>\n<p> 3<\/p>\n<p>   2  <\/p>\n<p> 4<\/p>\n<p>   8  <\/p>\n<p> 5<\/p>\n<p>   34  <\/p>\n<p> Trier l&rsquo;affichage des avis : &#8212;Les plus r\u00e9centsLes plus anciensNote la plus \u00e9lev\u00e9eNote la plus faibleLes plus utiles <\/p>\n<p> Stephane S. publi\u00e9 le 10\/03\/2023 suite \u00e0 une commande du 13\/02\/2023<\/p>\n<p> 5\/5<\/p>\n<p> Bois tr\u00e8s propre et qui chauffe vraiment bien. Tr\u00e8s bonne qualit\u00e9<br \/>\n Cet avis vous a-t-il \u00e9t\u00e9 utile ? Oui 0 Non 0<\/p>\n<p> Fabian D. publi\u00e9 le 18\/11\/2022 suite \u00e0 une commande du 21\/08\/2022<\/p>\n<p> 4\/5<\/p>\n<p> Pas assez de quartier y\u2019a beaucoup d allumettes dans le bois en vrac dommage<br \/>\n Cet avis vous a-t-il \u00e9t\u00e9 utile ? Oui 0 Non 0<\/p>\n<p> Pierre D. publi\u00e9 le 25\/09\/2022 suite \u00e0 une commande du 14\/07\/2022<\/p>\n<p> 5\/5<\/p>\n<p> Super<br \/>\n Cet avis vous a-t-il \u00e9t\u00e9 utile ? Oui 0 Non 0<\/p>\n<p> Serge S. publi\u00e9 le 18\/06\/2022 suite \u00e0 une commande du 18\/05\/2022<\/p>\n<p> 5\/5<\/p>\n<p> Bois excellent pour nos besoins<br \/>\n Cet avis vous a-t-il \u00e9t\u00e9 utile ? Oui 0 Non 0<\/p>\n<p> Bernard S. publi\u00e9 le 27\/03\/2022 suite \u00e0 une commande du 16\/03\/2022<\/p>\n<p> 5\/5<\/p>\n<p> Bois de tr\u00e8s bonne qualit\u00e9 et conforme \u00e0 mon attente<br \/>\n Cet avis vous a-t-il \u00e9t\u00e9 utile ? Oui 0 Non 0<\/p>\n<p> Anonymous A. publi\u00e9 le 14\/09\/2021 suite \u00e0 une commande du 22\/08\/2021<\/p>\n<p> 5\/5<\/p>\n<p> Bois de bonne qualit\u00e9 bien sec et essences permettant un fonctionnement parfait de mon po\u00eale de masse.<br \/>\n Cet avis vous a-t-il \u00e9t\u00e9 utile ? Oui 0 Non 0<\/p>\n<p> Plus de commentaires&#8230;<\/p>\n<p> \u00d7<\/p>\n<p>Exported using <a href=\"https:\/\/boatscrape.com\/\">BoatScrape<\/a><\/p>","protected":false},"excerpt":{"rendered":"<p>Bois de chauffage exclusiement d\u00e9di\u00e9 aux Po\u00eale de masse, avec pierre de lave pesant plus d&rsquo;une tonne, bois sec et pr\u00eat \u00e0 l&#8217;emploi.<br \/>\nFendu tr\u00e8s finement, essences d\u00e9gageant beaucoup de chaleur, id\u00e9al pour les po\u00eales de masse de type Tulikivi<br \/>\nBouleau, peuplier, \u00e9pic\u00e9a, et fr\u00eane.<br \/>\nLivraison&nbsp;\u00e0 partir de Janvier 2023.<br \/>\n  En savoir plus<\/p>","protected":false},"featured_media":4564,"comment_status":"open","ping_status":"closed","template":"","meta":[],"product_brand":[],"product_cat":[590],"product_tag":[],"class_list":{"0":"post-4515","1":"product","2":"type-product","3":"status-publish","4":"has-post-thumbnail","6":"product_cat-bois-de-chauffage","8":"first","9":"instock","10":"shipping-taxable","11":"purchasable","12":"product-type-simple"},"jetpack_sharing_enabled":true,"_links":{"self":[{"href":"https:\/\/vedtilventeren.com\/fr\/wp-json\/wp\/v2\/product\/4515","targetHints":{"allow":["GET"]}}],"collection":[{"href":"https:\/\/vedtilventeren.com\/fr\/wp-json\/wp\/v2\/product"}],"about":[{"href":"https:\/\/vedtilventeren.com\/fr\/wp-json\/wp\/v2\/types\/product"}],"replies":[{"embeddable":true,"href":"https:\/\/vedtilventeren.com\/fr\/wp-json\/wp\/v2\/comments?post=4515"}],"version-history":[{"count":1,"href":"https:\/\/vedtilventeren.com\/fr\/wp-json\/wp\/v2\/product\/4515\/revisions"}],"predecessor-version":[{"id":4565,"href":"https:\/\/vedtilventeren.com\/fr\/wp-json\/wp\/v2\/product\/4515\/revisions\/4565"}],"wp:featuredmedia":[{"embeddable":true,"href":"https:\/\/vedtilventeren.com\/fr\/wp-json\/wp\/v2\/media\/4564"}],"wp:attachment":[{"href":"https:\/\/vedtilventeren.com\/fr\/wp-json\/wp\/v2\/media?parent=4515"}],"wp:term":[{"taxonomy":"product_brand","embeddable":true,"href":"https:\/\/vedtilventeren.com\/fr\/wp-json\/wp\/v2\/product_brand?post=4515"},{"taxonomy":"product_cat","embeddable":true,"href":"https:\/\/vedtilventeren.com\/fr\/wp-json\/wp\/v2\/product_cat?post=4515"},{"taxonomy":"product_tag","embeddable":true,"href":"https:\/\/vedtilventeren.com\/fr\/wp-json\/wp\/v2\/product_tag?post=4515"}],"curies":[{"name":"wp","href":"https:\/\/api.w.org\/{rel}","templated":true}]}}