{"id":4517,"date":"2025-12-07T00:37:54","date_gmt":"2025-12-06T23:37:54","guid":{"rendered":"https:\/\/vedtilventeren.com\/?post_type=product&#038;p=4517"},"modified":"2025-12-07T00:41:32","modified_gmt":"2025-12-06T23:41:32","slug":"palette-de-1st-de-bois-de-chauffage-en-33cm-special-poele-de-masse-sec-sechoirs-pret-a-lemploi-resineux-feuillus","status":"publish","type":"product","link":"https:\/\/vedtilventeren.com\/fr\/produit\/palette-de-1st-de-bois-de-chauffage-en-33cm-special-poele-de-masse-sec-sechoirs-pret-a-lemploi-resineux-feuillus\/","title":{"rendered":"Palette de 1st de bois de chauffage en 33cm sp\u00e9cial po\u00eale de masse &#8211; sec s\u00e9choirs &#8211; pr\u00eat \u00e0 l&#8217;emploi &#8211; r\u00e9sineux\/feuillus"},"content":{"rendered":"<p>Le st\u00e8re de bois sec pour les po\u00eales de masse<br \/>\nLa palette est compos\u00e9e uniquement de quartiers de bois fendus finement, parmi les essences id\u00e9ales pour ce type de combustion uniquement, la combustion vive, audel\u00e0 de 600\u00b0C: l&rsquo;\u00e9pic\u00e9a, le bouleau, le peuplier et le fr\u00eane, comme en scandinavie.<\/p>\n<p>Vous voulez \u00e9viter la corv\u00e9e de rangement de bois de chauffage, vous pouvez commander du bois de chauffage d\u00e9j\u00e0 rang\u00e9 sur une structure en bois, livr\u00e9 dans votre garage! Vous n&rsquo;aurez plus \u00e0 ous soucier du stockage et du rangement du bois.<br \/>\n&nbsp;Plus d&rsquo;\u00e9corces ni de d\u00e9chets \u00e0 ramasser apr\u00e8s la livraison, votre bois est propre et rang\u00e9, pr\u00eat \u00e0 l&#8217;emploi.&nbsp;<br \/>\n&nbsp;Le bois de chauffage Piskorski est un produit unique: \u00e9tuv\u00e9 il est pr\u00eat \u00e0 br\u00fbler dans votre po\u00eale ou chemin\u00e9e de masse. Plus de parasites ni de mousses qui sont d\u00e9truites au s\u00e9chage. Vous profiterez d&rsquo;un bois qui s&rsquo;allume rapidement et facilement, qui d\u00e9gage beaucoup plus d&rsquo;\u00e9nergie qu&rsquo;un bois humide.&nbsp;<br \/>\n&nbsp;Plus de gaspillage de calories avec du bois de chauffage sec!<br \/>\n&nbsp;La palette est livr\u00e9e \u00e0 domicile \u00e0 l&rsquo;aide d&rsquo;un transpalette \u00e0 moteur et pneus tout terrain, qui permet de placer la palette \u00e0 l&rsquo;endroit souhait\u00e9.<br \/>\nPensez \u00e0 laisser la place pour la livraison des palettes:&nbsp;<\/p>\n<p>Sol lisse et roulant<br \/>\nDimensions de la palette (1m x 80cm&nbsp;x 1m20)<br \/>\nPas de marches ni de seuils de portes &gt;5cm<br \/>\nAcc\u00e8s pour un camion 19T<\/p>\n<p>Vente en ligne de bois de chauffage, pellets &amp; bois compress\u00e9<br \/>\nPiskorski bois energie met \u00e0 disposition des solutions de chauffage hautes performances pour tout type d\u2019appareil. Bois b\u00fbche, granul\u00e9s de bois, b\u00fbches densifi\u00e9es &amp; bois pour four \u00e0 bois, les produits propos\u00e9s sur la boutique en ligne sont garantis de qualit\u00e9 et conf\u00e8rent un pouvoir calorifique \u00e9lev\u00e9 pour une chauffe optimale de votre int\u00e9rieur. Exploitant forestier en Lorraine, Piskorski propose du bois de chauffage et pellets issus de son exploitation et travaille \u00e9galement avec des marques reconnues afin d\u2019\u00e9largir sa gamme. Pour une offre compl\u00e8te, accessoires pour l\u2019allumage du feu et pour les appareils de chauffage (serviteurs, rangements pour le bois, produits d\u2019entretien pour chemin\u00e9e et po\u00eale&#8230;) sont \u00e9galement disponibles sur notre site de vente en ligne.<\/p>\n<p>Longueur 33cm +\/- 5%,<br \/>\nHumidit\u00e9 contr\u00f4l\u00e9e 20%<br \/>\nPouvoir calorifique 2000 kWh<br \/>\nEssences Epicea, Peuplier, Fr\u00eane et Bouleau<br \/>\nFormat Uniquement en Quartiers<br \/>\nLivraison Palette1st<\/p>\n<p>produit<br \/>\n\u00e0 partir de (qt\u00e9)<br \/>\nprix<\/p>\n<p> Palette de 1st de bois de chauffage en 33cm sp\u00e9cial po\u00eale de masse &#8211; sec s\u00e9choirs &#8211; pr\u00eat \u00e0 l&#8217;emploi &#8211; r\u00e9sineux\/feuillus<br \/>\n3<br \/>\n 165.00\u20ac (-5.00\u20ac)<\/p>\n<p> Voir l&rsquo;attestation de confiance<br \/>\nAvis soumis \u00e0 un contr\u00f4le<\/p>\n<p> Pour plus d&rsquo;informations sur les caract\u00e9ristiques du contr\u00f4le des avis et la possibilit\u00e9 de contacter l&rsquo;auteur de l&rsquo;avis, merci de consulter nos CGU.<br \/>\n Aucune contrepartie n&rsquo;a \u00e9t\u00e9 fournie en \u00e9change des avis<br \/>\n Les avis sont publi\u00e9s et conserv\u00e9s pendant une dur\u00e9e de cinq ans<br \/>\n Les avis ne sont pas modifiables : si un client souhaite modifier son avis, il doit contacter Avis Verifi\u00e9s afin de supprimer l&rsquo;avis existant, et en publier un nouveau<br \/>\n Les motifs de suppression des avis sont disponibles ici.<\/p>\n<p> 5 \/5<\/p>\n<p> Calcul\u00e9 \u00e0 partir de 5 avis client(s)<\/p>\n<p> 1<\/p>\n<p>   0  <\/p>\n<p> 2<\/p>\n<p>   0  <\/p>\n<p> 3<\/p>\n<p>   0  <\/p>\n<p> 4<\/p>\n<p>   0  <\/p>\n<p> 5<\/p>\n<p>   5  <\/p>\n<p> Trier l&rsquo;affichage des avis : &#8212;Les plus r\u00e9centsLes plus anciensNote la plus \u00e9lev\u00e9eNote la plus faibleLes plus utiles <\/p>\n<p> Gabriel S. publi\u00e9 le 14\/11\/2021 suite \u00e0 une commande du 19\/10\/2021<\/p>\n<p> 5\/5<\/p>\n<p> Bois bien sec,br\u00fble bien,utilis\u00e9 de suite.<br \/>\n Cet avis vous a-t-il \u00e9t\u00e9 utile ? Oui 0 Non 0<\/p>\n<p> Anonymous A. publi\u00e9 le 22\/02\/2021 suite \u00e0 une commande du 14\/02\/2021<\/p>\n<p> 5\/5<\/p>\n<p> Bois qui br\u00fble avec une bonne dur\u00e9e.<br \/>\n Cet avis vous a-t-il \u00e9t\u00e9 utile ? Oui 1 Non 0<\/p>\n<p> Anonymous A. publi\u00e9 le 15\/05\/2020 suite \u00e0 une commande du 01\/05\/2020<\/p>\n<p> 5\/5<\/p>\n<p> Efficace qualit\u00e9 !<br \/>\n Cet avis vous a-t-il \u00e9t\u00e9 utile ? Oui 1 Non 0<\/p>\n<p> Anonymous A. publi\u00e9 le 04\/01\/2019 suite \u00e0 une commande du 15\/12\/2018<\/p>\n<p> 5\/5<\/p>\n<p> Bois de qualit\u00e9 pour po\u00eale de chauffage<br \/>\n Cet avis vous a-t-il \u00e9t\u00e9 utile ? Oui 2 Non 0<\/p>\n<p> Anonymous A. publi\u00e9 le 01\/11\/2015 suite \u00e0 une commande du 22\/10\/2015<\/p>\n<p> 5\/5<\/p>\n<p> Super qualit\u00e9<br \/>\n Cet avis vous a-t-il \u00e9t\u00e9 utile ? Oui 1 Non 0<\/p>\n<p> \u00d7<\/p>\n<p>Exported using <a href=\"https:\/\/boatscrape.com\/\">BoatScrape<\/a><\/p>","protected":false},"excerpt":{"rendered":"<p>Palette de 1 st\u00e8re de bois de chauffage sp\u00e9cial po\u00eale de masse (Tulikivi et autres po\u00eales scandinaves)<br \/>\nBois d\u00e9j\u00e0 rang\u00e9 sur une palette, pr\u00eat \u00e0 l&#8217;emploi.<br \/>\nBois garanti sec, avec une humidit\u00e9 inf\u00e9rieure \u00e0 20%, fendu finement pour une combustion id\u00e9ale dans les po\u00eales \u00e0 accumulation de chaleur.<\/p>\n<p>  En savoir plus<\/p>","protected":false},"featured_media":4572,"comment_status":"open","ping_status":"closed","template":"","meta":[],"product_brand":[],"product_cat":[590],"product_tag":[],"class_list":{"0":"post-4517","1":"product","2":"type-product","3":"status-publish","4":"has-post-thumbnail","6":"product_cat-bois-de-chauffage","8":"first","9":"instock","10":"shipping-taxable","11":"purchasable","12":"product-type-simple"},"jetpack_sharing_enabled":true,"_links":{"self":[{"href":"https:\/\/vedtilventeren.com\/fr\/wp-json\/wp\/v2\/product\/4517","targetHints":{"allow":["GET"]}}],"collection":[{"href":"https:\/\/vedtilventeren.com\/fr\/wp-json\/wp\/v2\/product"}],"about":[{"href":"https:\/\/vedtilventeren.com\/fr\/wp-json\/wp\/v2\/types\/product"}],"replies":[{"embeddable":true,"href":"https:\/\/vedtilventeren.com\/fr\/wp-json\/wp\/v2\/comments?post=4517"}],"version-history":[{"count":1,"href":"https:\/\/vedtilventeren.com\/fr\/wp-json\/wp\/v2\/product\/4517\/revisions"}],"predecessor-version":[{"id":4573,"href":"https:\/\/vedtilventeren.com\/fr\/wp-json\/wp\/v2\/product\/4517\/revisions\/4573"}],"wp:featuredmedia":[{"embeddable":true,"href":"https:\/\/vedtilventeren.com\/fr\/wp-json\/wp\/v2\/media\/4572"}],"wp:attachment":[{"href":"https:\/\/vedtilventeren.com\/fr\/wp-json\/wp\/v2\/media?parent=4517"}],"wp:term":[{"taxonomy":"product_brand","embeddable":true,"href":"https:\/\/vedtilventeren.com\/fr\/wp-json\/wp\/v2\/product_brand?post=4517"},{"taxonomy":"product_cat","embeddable":true,"href":"https:\/\/vedtilventeren.com\/fr\/wp-json\/wp\/v2\/product_cat?post=4517"},{"taxonomy":"product_tag","embeddable":true,"href":"https:\/\/vedtilventeren.com\/fr\/wp-json\/wp\/v2\/product_tag?post=4517"}],"curies":[{"name":"wp","href":"https:\/\/api.w.org\/{rel}","templated":true}]}}