{"id":4519,"date":"2025-12-07T00:37:54","date_gmt":"2025-12-06T23:37:54","guid":{"rendered":"https:\/\/vedtilventeren.com\/?post_type=product&#038;p=4519"},"modified":"2025-12-07T00:41:37","modified_gmt":"2025-12-06T23:41:37","slug":"filet-de-bois-buches-30dm3","status":"publish","type":"product","link":"https:\/\/vedtilventeren.com\/fr\/produit\/filet-de-bois-buches-30dm3\/","title":{"rendered":"Filet de bois b\u00fbches 30dm3"},"content":{"rendered":"<p>Poids 12kg<br \/>\nHumidit\u00e9 contr\u00f4l\u00e9e 20%<br \/>\nEssences H\u00eatre 90% &#8211; Charme, Fr\u00eane et Ch\u00eane<\/p>\n<p> Voir l&rsquo;attestation de confiance<br \/>\nAvis soumis \u00e0 un contr\u00f4le<\/p>\n<p> Pour plus d&rsquo;informations sur les caract\u00e9ristiques du contr\u00f4le des avis et la possibilit\u00e9 de contacter l&rsquo;auteur de l&rsquo;avis, merci de consulter nos CGU.<br \/>\n Aucune contrepartie n&rsquo;a \u00e9t\u00e9 fournie en \u00e9change des avis<br \/>\n Les avis sont publi\u00e9s et conserv\u00e9s pendant une dur\u00e9e de cinq ans<br \/>\n Les avis ne sont pas modifiables : si un client souhaite modifier son avis, il doit contacter Avis Verifi\u00e9s afin de supprimer l&rsquo;avis existant, et en publier un nouveau<br \/>\n Les motifs de suppression des avis sont disponibles ici.<\/p>\n<p> 5 \/5<\/p>\n<p> Calcul\u00e9 \u00e0 partir de 1 avis client(s)<\/p>\n<p> 1<\/p>\n<p>   0  <\/p>\n<p> 2<\/p>\n<p>   0  <\/p>\n<p> 3<\/p>\n<p>   0  <\/p>\n<p> 4<\/p>\n<p>   0  <\/p>\n<p> 5<\/p>\n<p>   1  <\/p>\n<p> Trier l&rsquo;affichage des avis : &#8212;Les plus r\u00e9centsLes plus anciensNote la plus \u00e9lev\u00e9eNote la plus faibleLes plus utiles <\/p>\n<p> Anonymous A. publi\u00e9 le 16\/01\/2017 suite \u00e0 une commande du 05\/01\/2017<\/p>\n<p> 5\/5<\/p>\n<p> Le bois se consume tr\u00e8s bien<br \/>\n Cet avis vous a-t-il \u00e9t\u00e9 utile ? Oui 0 Non 1<\/p>\n<p> \u00d7<\/p>\n<p>Exported using <a href=\"https:\/\/boatscrape.com\/\">BoatScrape<\/a><\/p>","protected":false},"excerpt":{"rendered":"<p>Filets de b\u00fbches de bois en 33cm<br \/>\nContient 10 \u00e0 12 b\u00fbches.<br \/>\nBois s\u00e9lectionn\u00e9 parmi les meilleures essences.<br \/>\nHumidit\u00e9 contr\u00f4l\u00e9e, pr\u00eat \u00e0 br\u00fbler.<\/p>","protected":false},"featured_media":4585,"comment_status":"open","ping_status":"closed","template":"","meta":[],"product_brand":[],"product_cat":[590],"product_tag":[],"class_list":{"0":"post-4519","1":"product","2":"type-product","3":"status-publish","4":"has-post-thumbnail","6":"product_cat-bois-de-chauffage","8":"first","9":"instock","10":"shipping-taxable","11":"purchasable","12":"product-type-simple"},"jetpack_sharing_enabled":true,"_links":{"self":[{"href":"https:\/\/vedtilventeren.com\/fr\/wp-json\/wp\/v2\/product\/4519","targetHints":{"allow":["GET"]}}],"collection":[{"href":"https:\/\/vedtilventeren.com\/fr\/wp-json\/wp\/v2\/product"}],"about":[{"href":"https:\/\/vedtilventeren.com\/fr\/wp-json\/wp\/v2\/types\/product"}],"replies":[{"embeddable":true,"href":"https:\/\/vedtilventeren.com\/fr\/wp-json\/wp\/v2\/comments?post=4519"}],"version-history":[{"count":1,"href":"https:\/\/vedtilventeren.com\/fr\/wp-json\/wp\/v2\/product\/4519\/revisions"}],"predecessor-version":[{"id":4586,"href":"https:\/\/vedtilventeren.com\/fr\/wp-json\/wp\/v2\/product\/4519\/revisions\/4586"}],"wp:featuredmedia":[{"embeddable":true,"href":"https:\/\/vedtilventeren.com\/fr\/wp-json\/wp\/v2\/media\/4585"}],"wp:attachment":[{"href":"https:\/\/vedtilventeren.com\/fr\/wp-json\/wp\/v2\/media?parent=4519"}],"wp:term":[{"taxonomy":"product_brand","embeddable":true,"href":"https:\/\/vedtilventeren.com\/fr\/wp-json\/wp\/v2\/product_brand?post=4519"},{"taxonomy":"product_cat","embeddable":true,"href":"https:\/\/vedtilventeren.com\/fr\/wp-json\/wp\/v2\/product_cat?post=4519"},{"taxonomy":"product_tag","embeddable":true,"href":"https:\/\/vedtilventeren.com\/fr\/wp-json\/wp\/v2\/product_tag?post=4519"}],"curies":[{"name":"wp","href":"https:\/\/api.w.org\/{rel}","templated":true}]}}