{"id":4520,"date":"2025-12-07T00:37:54","date_gmt":"2025-12-06T23:37:54","guid":{"rendered":"https:\/\/vedtilventeren.com\/?post_type=product&#038;p=4520"},"modified":"2025-12-07T00:41:42","modified_gmt":"2025-12-06T23:41:42","slug":"palette-de-1st-de-bois-de-chauffage-40cm-special-pizzeria-sec-sechoirs-pret-a-lemploi-melange-feuillus","status":"publish","type":"product","link":"https:\/\/vedtilventeren.com\/fr\/produit\/palette-de-1st-de-bois-de-chauffage-40cm-special-pizzeria-sec-sechoirs-pret-a-lemploi-melange-feuillus\/","title":{"rendered":"Palette de 1st de bois de chauffage 40cm sp\u00e9cial pizzeria &#8211; sec s\u00e9choirs &#8211; pr\u00eat \u00e0 l&#8217;emploi &#8211; m\u00e9lange feuillus"},"content":{"rendered":"<p>Le bois de chauffage pour les fours \u00e0 pizza<br \/>\nD\u00e9couvrez notre production sp\u00e9ciale pour les fours \u00e0 pain, fours \u00e0 pizza, fours \u00e0 bois. Des essences s\u00e9lectionn\u00e9es, une section fine, un bois ultra sec en s\u00e9choirs, le produit a \u00e9t\u00e9 sp\u00e9cialement \u00e9tudi\u00e9 pour produire une flamme intense et rapide dans les fours \u00e0 bois.<br \/>\nVos pizzas, pains, grillades seront ainsi cuites avec un produit de haute qualit\u00e9, d\u00e9di\u00e9 \u00e0 cette utilisation. L&rsquo;allumage et la mont\u00e9e en temp\u00e9rature du four sont plus rapides et faciles. De nombreux restaurants nous font confiance pour approvisionner leur four de cuisson en Lorraine, Champagne Ardennes et Luxembourg.<\/p>\n<p>La production, le s\u00e9chage et le conditionnement sont r\u00e9alis\u00e9s exclusivement sur notre site de production de Brieulles sur Meuse. Le produit conditionn\u00e9 en caisses de 1 st\u00e8re, soit 0,74m3.<\/p>\n<p>La livraison se fait \u00e0 l&rsquo;aide de camions avec chariots embarqu\u00e9s \u00e0 moteur, jusque dans le lieu de stockage, selon l&rsquo;accessibilit\u00e9.<\/p>\n<p>Vente en ligne de bois de chauffage, pellets &amp; bois compress\u00e9<br \/>\nPiskorski bois energie met \u00e0 disposition des solutions de chauffage hautes performances pour tout type d\u2019appareil. Bois b\u00fbche, granul\u00e9s de bois, b\u00fbches densifi\u00e9es &amp; bois pour four \u00e0 bois, les produits propos\u00e9s sur la boutique en ligne sont garantis de qualit\u00e9 et conf\u00e8rent un pouvoir calorifique \u00e9lev\u00e9 pour une chauffe optimale de votre int\u00e9rieur. Exploitant forestier en Lorraine, Piskorski propose du bois de chauffage et pellets issus de son exploitation et travaille \u00e9galement avec des marques reconnues afin d\u2019\u00e9largir sa gamme. Pour une offre compl\u00e8te, accessoires pour l\u2019allumage du feu et pour les appareils de chauffage (serviteurs, rangements pour le bois, produits d\u2019entretien pour chemin\u00e9e et po\u00eale&#8230;) sont \u00e9galement disponibles sur notre site de vente en ligne.<br \/>\nVous souhaitez en savoir plus \u00e0 propos de l\u2019achat de bois pour four \u00e0 bois ?<br \/>\nPiskorski bois energie vous propose une diversit\u00e9 de bois pour four \u00e0 bois : bois pour barbecue, charbon de bois ou encore bois pour four \u00e0 pizza, faites le choix qui convient le mieux \u00e0 votre appareil.<br \/>\nLe bois pour four \u00e0 pizza produit rapidement une chaleur intense dans le four \u00e0 bois gr\u00e2ce \u00e0 sa section fine. Il est primordial d\u2019utiliser le bon type de bois afin de se faire une bonne pizza, c\u2019est pourquoi les qualit\u00e9s de bois que nous proposons pour votre four \u00e0 pizza sont le fr\u00eane, le h\u00eatre et le charme et non le ch\u00eane qui produit des \u00e9clats. En ce qui concerne le bois pour barbecue, il permet d\u2019allumer votre barbecue rapidement et sans odeur. Optez pour un bois pour four \u00e0 pizza ou barbecue vous permettra de faciliter la cuisson de votre pizza et de r\u00e9ussir la cuisson de vos grillades au barbecue.<br \/>\nAchetez en ligne vos bois pour four \u00e0 bois et votre charbon de bois en toute s\u00e9curit\u00e9 sur notre site et profitez de la livraison \u00e0 domicile dans le Grand Est. Piskorski bois energie vous livre en Lorraine, en Champagne-Ardennes ainsi qu\u2019en Belgique et au Luxembourg. Contactez nos professionnels en bois de chauffage pour plus de renseignements !<\/p>\n<p>Longueur 40cm +\/- 5%<br \/>\nHumidit\u00e9 contr\u00f4l\u00e9e 20%<br \/>\nPouvoir calorifique 2000 kWh \/ st<br \/>\nEssences H\u00eatre 90% &#8211; Charme, Fr\u00eane et Ch\u00eane<br \/>\nFormat Quartiers refendus finement<br \/>\nLivraison Palette1st<\/p>\n<p>produit<br \/>\n\u00e0 partir de (qt\u00e9)<br \/>\nprix<\/p>\n<p> Palette de 1st de bois de chauffage 40cm sp\u00e9cial pizzeria &#8211; sec s\u00e9choirs &#8211; pr\u00eat \u00e0 l&#8217;emploi &#8211; m\u00e9lange feuillus<br \/>\n3<br \/>\n 165.00\u20ac (-5.00\u20ac)<\/p>\n<p>Exported using <a href=\"https:\/\/boatscrape.com\/\">BoatScrape<\/a><\/p>","protected":false},"excerpt":{"rendered":"<p>Bois de chauffage sp\u00e9cial Pizzeria\u2013 sec \u2013 Palette de 1st coup\u00e9 en 40cm est un produit id\u00e9al pour alimenter les fours \u00e0 pizza.<br \/>\nLe bois de chauffage est fendu finement afin de produire rapidement une chaleur intense et des flammes dans les fours \u00e0 pain et les fours \u00e0 pizza.&nbsp;<br \/>\n  En savoir plus<\/p>","protected":false},"featured_media":4587,"comment_status":"open","ping_status":"closed","template":"","meta":[],"product_brand":[],"product_cat":[590],"product_tag":[],"class_list":{"0":"post-4520","1":"product","2":"type-product","3":"status-publish","4":"has-post-thumbnail","6":"product_cat-bois-de-chauffage","8":"first","9":"instock","10":"shipping-taxable","11":"purchasable","12":"product-type-simple"},"jetpack_sharing_enabled":true,"_links":{"self":[{"href":"https:\/\/vedtilventeren.com\/fr\/wp-json\/wp\/v2\/product\/4520","targetHints":{"allow":["GET"]}}],"collection":[{"href":"https:\/\/vedtilventeren.com\/fr\/wp-json\/wp\/v2\/product"}],"about":[{"href":"https:\/\/vedtilventeren.com\/fr\/wp-json\/wp\/v2\/types\/product"}],"replies":[{"embeddable":true,"href":"https:\/\/vedtilventeren.com\/fr\/wp-json\/wp\/v2\/comments?post=4520"}],"version-history":[{"count":1,"href":"https:\/\/vedtilventeren.com\/fr\/wp-json\/wp\/v2\/product\/4520\/revisions"}],"predecessor-version":[{"id":4588,"href":"https:\/\/vedtilventeren.com\/fr\/wp-json\/wp\/v2\/product\/4520\/revisions\/4588"}],"wp:featuredmedia":[{"embeddable":true,"href":"https:\/\/vedtilventeren.com\/fr\/wp-json\/wp\/v2\/media\/4587"}],"wp:attachment":[{"href":"https:\/\/vedtilventeren.com\/fr\/wp-json\/wp\/v2\/media?parent=4520"}],"wp:term":[{"taxonomy":"product_brand","embeddable":true,"href":"https:\/\/vedtilventeren.com\/fr\/wp-json\/wp\/v2\/product_brand?post=4520"},{"taxonomy":"product_cat","embeddable":true,"href":"https:\/\/vedtilventeren.com\/fr\/wp-json\/wp\/v2\/product_cat?post=4520"},{"taxonomy":"product_tag","embeddable":true,"href":"https:\/\/vedtilventeren.com\/fr\/wp-json\/wp\/v2\/product_tag?post=4520"}],"curies":[{"name":"wp","href":"https:\/\/api.w.org\/{rel}","templated":true}]}}