{"id":4525,"date":"2025-12-07T00:37:54","date_gmt":"2025-12-06T23:37:54","guid":{"rendered":"https:\/\/vedtilventeren.com\/?post_type=product&#038;p=4525"},"modified":"2025-12-07T01:01:03","modified_gmt":"2025-12-07T00:01:03","slug":"palette-2-m3-bois-de-chauffage-33-cm-melange-dessences-3-steres","status":"publish","type":"product","link":"https:\/\/vedtilventeren.com\/fr\/produit\/palette-2-m3-bois-de-chauffage-33-cm-melange-dessences-3-steres\/","title":{"rendered":"Palette 2 m3 \u2013 Bois de chauffage 33 cm (M\u00e9lange d\u2019essences) \u2013 3 st\u00e8res"},"content":{"rendered":"<p><span dir=\"auto\" style=\"vertical-align: inherit;\">Denne vedpallen, omtrent 2 meter h\u00f8y, er enkel \u00e5 oppbevare (avhengig av tilgjengelighet) og garanterer at du f\u00e5r n\u00f8yaktig det bestilte antallet kubikkmeter. <\/span><br \/>\n<span dir=\"auto\" style=\"vertical-align: inherit;\">Pallen inneholder flere tresorter, utelukkende hardtre: 60 % ask, 20 % b\u00f8k og 20 % agnb\u00f8k. Dette er ideelt for en god balanse mellom gl\u00f8r og sterke flammer. <\/span><br \/>\n<span dir=\"auto\" style=\"vertical-align: inherit;\">Veden er godt delt i 33\u201335 cm store vedkubber, den perfekte st\u00f8rrelsen for en vedovn eller en liten vedinnsats. <\/span><br \/>\n<span dir=\"auto\" style=\"vertical-align: inherit;\">Hvilke vedsorter er best til oppvarming? <\/span><br \/>\n<span dir=\"auto\" style=\"vertical-align: inherit;\">Det finnes flere vedsorter som er egnet for bruk i vedovnen din: b\u00f8k, eik, agnb\u00f8k og ask. <\/span><br \/>\n<span dir=\"auto\" style=\"vertical-align: inherit;\">Dette er hardtre og er ideelle til oppvarming fordi de har h\u00f8y brennverdi. Vedkubbene vil produsere gode gl\u00f8r og vakre flammer. <\/span><br \/>\n<span dir=\"auto\" style=\"vertical-align: inherit;\">Noen bruker lysere tresorter, som or. Men de vil forbruke veden mye raskere, fordi denne veden brenner raskere og gir mindre varme.<\/span><\/p>\n<p>&nbsp;<\/p>","protected":false},"excerpt":{"rendered":"<p><span dir=\"auto\" style=\"vertical-align: inherit;\">Engangspall p\u00e5 2 m3, tilsvarende omtrent 3 kubikkmeter ved, delt i 33\u201335 cm store t\u00f8mmerstokker, blandede treslag: (ask, b\u00f8k, agnb\u00f8k, eik), <\/span><br \/>\n<span dir=\"auto\" style=\"vertical-align: inherit;\">naturlig t\u00f8rket (4 \u00e5r).<\/span><\/p>","protected":false},"featured_media":4602,"comment_status":"open","ping_status":"closed","template":"","meta":[],"product_brand":[],"product_cat":[590],"product_tag":[],"class_list":{"0":"post-4525","1":"product","2":"type-product","3":"status-publish","4":"has-post-thumbnail","6":"product_cat-bois-de-chauffage","8":"first","9":"instock","10":"sale","11":"shipping-taxable","12":"purchasable","13":"product-type-simple"},"jetpack_sharing_enabled":true,"_links":{"self":[{"href":"https:\/\/vedtilventeren.com\/fr\/wp-json\/wp\/v2\/product\/4525","targetHints":{"allow":["GET"]}}],"collection":[{"href":"https:\/\/vedtilventeren.com\/fr\/wp-json\/wp\/v2\/product"}],"about":[{"href":"https:\/\/vedtilventeren.com\/fr\/wp-json\/wp\/v2\/types\/product"}],"replies":[{"embeddable":true,"href":"https:\/\/vedtilventeren.com\/fr\/wp-json\/wp\/v2\/comments?post=4525"}],"version-history":[{"count":4,"href":"https:\/\/vedtilventeren.com\/fr\/wp-json\/wp\/v2\/product\/4525\/revisions"}],"predecessor-version":[{"id":4770,"href":"https:\/\/vedtilventeren.com\/fr\/wp-json\/wp\/v2\/product\/4525\/revisions\/4770"}],"wp:featuredmedia":[{"embeddable":true,"href":"https:\/\/vedtilventeren.com\/fr\/wp-json\/wp\/v2\/media\/4602"}],"wp:attachment":[{"href":"https:\/\/vedtilventeren.com\/fr\/wp-json\/wp\/v2\/media?parent=4525"}],"wp:term":[{"taxonomy":"product_brand","embeddable":true,"href":"https:\/\/vedtilventeren.com\/fr\/wp-json\/wp\/v2\/product_brand?post=4525"},{"taxonomy":"product_cat","embeddable":true,"href":"https:\/\/vedtilventeren.com\/fr\/wp-json\/wp\/v2\/product_cat?post=4525"},{"taxonomy":"product_tag","embeddable":true,"href":"https:\/\/vedtilventeren.com\/fr\/wp-json\/wp\/v2\/product_tag?post=4525"}],"curies":[{"name":"wp","href":"https:\/\/api.w.org\/{rel}","templated":true}]}}