{"id":4526,"date":"2025-12-07T00:37:54","date_gmt":"2025-12-06T23:37:54","guid":{"rendered":"https:\/\/vedtilventeren.com\/?post_type=product&#038;p=4526"},"modified":"2025-12-07T00:52:39","modified_gmt":"2025-12-06T23:52:39","slug":"palette-pure-en-bois-de-hetre-33-cm-3-steres","status":"publish","type":"product","link":"https:\/\/vedtilventeren.com\/fr\/produit\/palette-pure-en-bois-de-hetre-33-cm-3-steres\/","title":{"rendered":"Ren b\u00f8kepall \u2013 33 cm \u2013 3 kubikkmeter"},"content":{"rendered":"<p><span dir=\"auto\" style=\"vertical-align: inherit;\">VEDPALLE \u2013 33 CM \u2013 3 STER \u00abKun b\u00f8k\u00bb <\/span><br \/>\n<span dir=\"auto\" style=\"vertical-align: inherit;\">* \u00c9n pall med ved = 3 ster Ved av <\/span><br \/>\n<span dir=\"auto\" style=\"vertical-align: inherit;\">f\u00f8rsteklasses kvalitet <\/span><br \/>\n<span dir=\"auto\" style=\"vertical-align: inherit;\">Ved av f\u00f8rsteklasses kvalitet for umiddelbar bruk i varmeapparatet ditt, som garanterer optimal ytelse, ingen r\u00f8yk og minimal tilsmussing av skorsteinen. <\/span><br \/>\n<span dir=\"auto\" style=\"vertical-align: inherit;\">Fordelene med ovnst\u00f8rket ved:<\/span><\/p>\n<p><span dir=\"auto\" style=\"vertical-align: inherit;\">Delvis skrellet ved t\u00f8rking og sikting, <\/span><br \/>\n<span dir=\"auto\" style=\"vertical-align: inherit;\">fri for parasitter, insekter og sopp, <\/span><br \/>\n<span dir=\"auto\" style=\"vertical-align: inherit;\">tennes den veldig lett <\/span><br \/>\n<span dir=\"auto\" style=\"vertical-align: inherit;\">n\u00e5r den bare er i fire deler, <\/span><br \/>\n<span dir=\"auto\" style=\"vertical-align: inherit;\">brenner uten r\u00f8yk, <\/span><br \/>\n<span dir=\"auto\" style=\"vertical-align: inherit;\">tetter ikke skorsteinen <\/span><br \/>\n<span dir=\"auto\" style=\"vertical-align: inherit;\">og sl\u00f8ser ikke med energi.<\/span><\/p>\n<p><span dir=\"auto\" style=\"vertical-align: inherit;\">Blandingen best\u00e5r utelukkende av b\u00f8k, agnb\u00f8k og eik, de mest kaloririke treslagene for ved. <\/span><br \/>\n<span dir=\"auto\" style=\"vertical-align: inherit;\">\u00c9n stere kunstt\u00f8rket ved tilsvarer 1,3 stere halvt\u00f8rr ved n\u00e5r det gjelder varmeeffekt. <\/span><br \/>\n<span dir=\"auto\" style=\"vertical-align: inherit;\">Volumet av \u00e9n stere stablet ved, n\u00e5r den stables til en lengde p\u00e5 33 cm, er 0,7 m\u00b3. Derfor, n\u00e5r veden er kappet til en lengde p\u00e5 33 cm, er volumet av \u00e9n stere 0,6 m\u00b3, og n\u00e5r den er kappet til en lengde p\u00e5 50 cm, er volumet av \u00e9n stere 0,8 m\u00b3. <\/span><br \/>\n<span dir=\"auto\" style=\"vertical-align: inherit;\">Jo kortere veden er kappet, desto bedre stables den, med f\u00e6rre mellomrom mellom stokkene. Det tilsynelatende volumet avtar, men mengden ved forblir den samme. <\/span><br \/>\n<span dir=\"auto\" style=\"vertical-align: inherit;\">Kontrollert fuktighetsinnhold garantert under 10 %. (NF Vedstandard) <\/span><br \/>\n<span dir=\"auto\" style=\"vertical-align: inherit;\">Lengde: 33 cm. <\/span><br \/>\n<span dir=\"auto\" style=\"vertical-align: inherit;\">Leveres p\u00e5 pall; mer informasjon er tilgjengelig i leveringsdelen.<\/span><\/p>\n<p>&nbsp;<\/p>","protected":false},"excerpt":{"rendered":"<p><span dir=\"auto\" style=\"vertical-align: inherit;\">Brazecos garantert t\u00f8rre vedstokker, med mindre enn 10 % fuktighetsinnhold, er laget av eik, hornb\u00f8k og b\u00f8k. <\/span><br \/>\n<span dir=\"auto\" style=\"vertical-align: inherit;\">De kommer fra Frankrike, t\u00f8rkes, kl\u00f8yves og avbarkes, og er NF-sertifiserte. <\/span><br \/>\n<span dir=\"auto\" style=\"vertical-align: inherit;\">V\u00e5re 33 cm vedstokker garanterer optimal energiytelse. <\/span><br \/>\n<span dir=\"auto\" style=\"vertical-align: inherit;\">De er praktiske \u00e5 h\u00e5ndtere og enkle \u00e5 oppbevare takket v\u00e6re pallemballasjen.<\/span><\/p>","protected":false},"featured_media":4596,"comment_status":"open","ping_status":"closed","template":"","meta":[],"product_brand":[],"product_cat":[590],"product_tag":[],"class_list":{"0":"post-4526","1":"product","2":"type-product","3":"status-publish","4":"has-post-thumbnail","6":"product_cat-bois-de-chauffage","8":"first","9":"instock","10":"sale","11":"shipping-taxable","12":"purchasable","13":"product-type-simple"},"jetpack_sharing_enabled":true,"_links":{"self":[{"href":"https:\/\/vedtilventeren.com\/fr\/wp-json\/wp\/v2\/product\/4526","targetHints":{"allow":["GET"]}}],"collection":[{"href":"https:\/\/vedtilventeren.com\/fr\/wp-json\/wp\/v2\/product"}],"about":[{"href":"https:\/\/vedtilventeren.com\/fr\/wp-json\/wp\/v2\/types\/product"}],"replies":[{"embeddable":true,"href":"https:\/\/vedtilventeren.com\/fr\/wp-json\/wp\/v2\/comments?post=4526"}],"version-history":[{"count":3,"href":"https:\/\/vedtilventeren.com\/fr\/wp-json\/wp\/v2\/product\/4526\/revisions"}],"predecessor-version":[{"id":4763,"href":"https:\/\/vedtilventeren.com\/fr\/wp-json\/wp\/v2\/product\/4526\/revisions\/4763"}],"wp:featuredmedia":[{"embeddable":true,"href":"https:\/\/vedtilventeren.com\/fr\/wp-json\/wp\/v2\/media\/4596"}],"wp:attachment":[{"href":"https:\/\/vedtilventeren.com\/fr\/wp-json\/wp\/v2\/media?parent=4526"}],"wp:term":[{"taxonomy":"product_brand","embeddable":true,"href":"https:\/\/vedtilventeren.com\/fr\/wp-json\/wp\/v2\/product_brand?post=4526"},{"taxonomy":"product_cat","embeddable":true,"href":"https:\/\/vedtilventeren.com\/fr\/wp-json\/wp\/v2\/product_cat?post=4526"},{"taxonomy":"product_tag","embeddable":true,"href":"https:\/\/vedtilventeren.com\/fr\/wp-json\/wp\/v2\/product_tag?post=4526"}],"curies":[{"name":"wp","href":"https:\/\/api.w.org\/{rel}","templated":true}]}}