{"id":4527,"date":"2025-12-07T00:37:54","date_gmt":"2025-12-06T23:37:54","guid":{"rendered":"https:\/\/vedtilventeren.com\/?post_type=product&#038;p=4527"},"modified":"2025-12-07T00:55:04","modified_gmt":"2025-12-06T23:55:04","slug":"bois-de-chauffage-en-sac-ultra-sec-essence-100-chene","status":"publish","type":"product","link":"https:\/\/vedtilventeren.com\/fr\/produit\/bois-de-chauffage-en-sac-ultra-sec-essence-100-chene\/","title":{"rendered":"Ultrat\u00f8rr ved i sekker \u2013 Vedtype: 100 % eik"},"content":{"rendered":"<p><span dir=\"auto\" style=\"vertical-align: inherit;\">Pall med 84 sekker med eikeved (sekker) <\/span><br \/>\n<span dir=\"auto\" style=\"vertical-align: inherit;\">Bois de Fonnegre, din garanti for perfekt ved! <\/span><br \/>\n<span dir=\"auto\" style=\"vertical-align: inherit;\">Eik er et velkjent og velpr\u00f8vd hardtre av h\u00f8y kvalitet. <\/span><br \/>\n<span dir=\"auto\" style=\"vertical-align: inherit;\">I tillegg til h\u00f8y effektivitet, sikrer brenningen ogs\u00e5 en behagelig aroma og en vakker, tradisjonell flamme. <\/span><br \/>\n<span dir=\"auto\" style=\"vertical-align: inherit;\">Egenskaper ved eikeved (sekker):<\/span><\/p>\n<p><span dir=\"auto\" style=\"vertical-align: inherit;\">Passer for en stor peis. <\/span><br \/>\n<span dir=\"auto\" style=\"vertical-align: inherit;\">Langsom brenning \u2013 levende flammeeffekt. <\/span><br \/>\n<span dir=\"auto\" style=\"vertical-align: inherit;\">Ovnst\u00f8rket \u2013 brenner umiddelbart.<\/span><\/p>\n<p><span dir=\"auto\" style=\"vertical-align: inherit;\">Ved. <\/span><br \/>\n<span dir=\"auto\" style=\"vertical-align: inherit;\">Forbrenningen i vedovnen din skal v\u00e6re behagelig og ikke for\u00e5rsake stress p\u00e5 grunn av fuktig eller d\u00e5rlig ved. <\/span><br \/>\n<span dir=\"auto\" style=\"vertical-align: inherit;\">Stabil forbrenning sikrer din sikkerhet (fuktig ved frigj\u00f8r mye CO2), gir behagelig varme og lar deg nyte den bekymringsfritt. <\/span><br \/>\n<span dir=\"auto\" style=\"vertical-align: inherit;\">Kvalitet er viktigere enn en lav pris. Det er stort sett alt du kj\u00f8per. Takket v\u00e6re v\u00e5rt store volum har vi imidlertid kunnet tilby ved av beste kvalitet til den beste prisen. <\/span><br \/>\n<span dir=\"auto\" style=\"vertical-align: inherit;\">For produksjonen av v\u00e5re vedkasser samarbeider vi med en produsent som leverer til over 850 restauranter og hotellkjeder i blant annet Tyskland. De har ikke r\u00e5d til \u00e5 levere ved av tvilsom kvalitet og fuktighetsinnhold, da r\u00f8yk og ustabil forbrenning selvf\u00f8lgelig er uakseptabelt i en restaurant.<\/span><\/p>\n<p>&nbsp;<\/p>","protected":false},"excerpt":{"rendered":"<p><span dir=\"auto\" style=\"vertical-align: inherit;\">Pall med 84 sekker ultrat\u00f8rr ved <\/span><br \/>\n<span dir=\"auto\" style=\"vertical-align: inherit;\">\u2013 Treslag: Eik. <\/span><br \/>\n<span dir=\"auto\" style=\"vertical-align: inherit;\">Passer for store ovner og peiser. <\/span><br \/>\n<span dir=\"auto\" style=\"vertical-align: inherit;\">Langsom varme \u2013 sterke flammer. <\/span><br \/>\n<span dir=\"auto\" style=\"vertical-align: inherit;\">Ovnst\u00f8rket \u2013 umiddelbar varme. <\/span><br \/>\n<span dir=\"auto\" style=\"vertical-align: inherit;\">Treslag: Hardved.<\/span><\/p>\n<p><span dir=\"auto\" style=\"vertical-align: inherit;\">Klar til bruk. <\/span><br \/>\n<span dir=\"auto\" style=\"vertical-align: inherit;\">Antall: 1 pall = 84 sekker<\/span><\/p>","protected":false},"featured_media":4593,"comment_status":"open","ping_status":"closed","template":"","meta":[],"product_brand":[],"product_cat":[590],"product_tag":[],"class_list":{"0":"post-4527","1":"product","2":"type-product","3":"status-publish","4":"has-post-thumbnail","6":"product_cat-bois-de-chauffage","8":"first","9":"instock","10":"sale","11":"shipping-taxable","12":"purchasable","13":"product-type-simple"},"jetpack_sharing_enabled":true,"_links":{"self":[{"href":"https:\/\/vedtilventeren.com\/fr\/wp-json\/wp\/v2\/product\/4527","targetHints":{"allow":["GET"]}}],"collection":[{"href":"https:\/\/vedtilventeren.com\/fr\/wp-json\/wp\/v2\/product"}],"about":[{"href":"https:\/\/vedtilventeren.com\/fr\/wp-json\/wp\/v2\/types\/product"}],"replies":[{"embeddable":true,"href":"https:\/\/vedtilventeren.com\/fr\/wp-json\/wp\/v2\/comments?post=4527"}],"version-history":[{"count":3,"href":"https:\/\/vedtilventeren.com\/fr\/wp-json\/wp\/v2\/product\/4527\/revisions"}],"predecessor-version":[{"id":4765,"href":"https:\/\/vedtilventeren.com\/fr\/wp-json\/wp\/v2\/product\/4527\/revisions\/4765"}],"wp:featuredmedia":[{"embeddable":true,"href":"https:\/\/vedtilventeren.com\/fr\/wp-json\/wp\/v2\/media\/4593"}],"wp:attachment":[{"href":"https:\/\/vedtilventeren.com\/fr\/wp-json\/wp\/v2\/media?parent=4527"}],"wp:term":[{"taxonomy":"product_brand","embeddable":true,"href":"https:\/\/vedtilventeren.com\/fr\/wp-json\/wp\/v2\/product_brand?post=4527"},{"taxonomy":"product_cat","embeddable":true,"href":"https:\/\/vedtilventeren.com\/fr\/wp-json\/wp\/v2\/product_cat?post=4527"},{"taxonomy":"product_tag","embeddable":true,"href":"https:\/\/vedtilventeren.com\/fr\/wp-json\/wp\/v2\/product_tag?post=4527"}],"curies":[{"name":"wp","href":"https:\/\/api.w.org\/{rel}","templated":true}]}}