{"id":4529,"date":"2025-12-07T00:37:54","date_gmt":"2025-12-06T23:37:54","guid":{"rendered":"https:\/\/vedtilventeren.com\/?post_type=product&#038;p=4529"},"modified":"2025-12-07T00:59:05","modified_gmt":"2025-12-06T23:59:05","slug":"buches-premium-crepito-25-cm","status":"publish","type":"product","link":"https:\/\/vedtilventeren.com\/fr\/produit\/buches-premium-crepito-25-cm\/","title":{"rendered":"Premium Cre\u0301pito\u00ae-vedkubber \u2013 25 cm"},"content":{"rendered":"<p><span dir=\"auto\" style=\"vertical-align: inherit;\">Premium-vedstokker har h\u00f8y varmeeffekt og inneholder mindre enn 20 % fuktighet. De kl\u00f8yves og renses i en avbarkingstrommel, noe som sikrer rask tenning. Premium-vedstokker gir rask og behagelig varme med sv\u00e6rt lite aske. De er rene, jevne, enkle \u00e5 bruke og enkle \u00e5 oppbevare.<\/span><\/p>\n<p>&nbsp;<\/p>","protected":false},"excerpt":{"rendered":"<p><span dir=\"auto\" style=\"vertical-align: inherit;\">Opprinnelse: 100 % fransk trevirke <\/span><br \/>\n<span dir=\"auto\" style=\"vertical-align: inherit;\">Tresort: 100 % hardtre (eik, agnb\u00f8k eller b\u00f8k) <\/span><br \/>\n<span dir=\"auto\" style=\"vertical-align: inherit;\">Kvalitet: Gruppe H1 G1 <\/span><br \/>\n<span dir=\"auto\" style=\"vertical-align: inherit;\">Lengde: 25 cm <\/span><br \/>\n<span dir=\"auto\" style=\"vertical-align: inherit;\">Mengde: 2 m\u00b3 per pall <\/span><br \/>\n<span dir=\"auto\" style=\"vertical-align: inherit;\">Salgsenhet: per pall<\/span><\/p>","protected":false},"featured_media":4609,"comment_status":"open","ping_status":"closed","template":"","meta":[],"product_brand":[],"product_cat":[590],"product_tag":[],"class_list":{"0":"post-4529","1":"product","2":"type-product","3":"status-publish","4":"has-post-thumbnail","6":"product_cat-bois-de-chauffage","8":"first","9":"instock","10":"sale","11":"shipping-taxable","12":"purchasable","13":"product-type-simple"},"jetpack_sharing_enabled":true,"_links":{"self":[{"href":"https:\/\/vedtilventeren.com\/fr\/wp-json\/wp\/v2\/product\/4529","targetHints":{"allow":["GET"]}}],"collection":[{"href":"https:\/\/vedtilventeren.com\/fr\/wp-json\/wp\/v2\/product"}],"about":[{"href":"https:\/\/vedtilventeren.com\/fr\/wp-json\/wp\/v2\/types\/product"}],"replies":[{"embeddable":true,"href":"https:\/\/vedtilventeren.com\/fr\/wp-json\/wp\/v2\/comments?post=4529"}],"version-history":[{"count":3,"href":"https:\/\/vedtilventeren.com\/fr\/wp-json\/wp\/v2\/product\/4529\/revisions"}],"predecessor-version":[{"id":4769,"href":"https:\/\/vedtilventeren.com\/fr\/wp-json\/wp\/v2\/product\/4529\/revisions\/4769"}],"wp:featuredmedia":[{"embeddable":true,"href":"https:\/\/vedtilventeren.com\/fr\/wp-json\/wp\/v2\/media\/4609"}],"wp:attachment":[{"href":"https:\/\/vedtilventeren.com\/fr\/wp-json\/wp\/v2\/media?parent=4529"}],"wp:term":[{"taxonomy":"product_brand","embeddable":true,"href":"https:\/\/vedtilventeren.com\/fr\/wp-json\/wp\/v2\/product_brand?post=4529"},{"taxonomy":"product_cat","embeddable":true,"href":"https:\/\/vedtilventeren.com\/fr\/wp-json\/wp\/v2\/product_cat?post=4529"},{"taxonomy":"product_tag","embeddable":true,"href":"https:\/\/vedtilventeren.com\/fr\/wp-json\/wp\/v2\/product_tag?post=4529"}],"curies":[{"name":"wp","href":"https:\/\/api.w.org\/{rel}","templated":true}]}}