{"id":4530,"date":"2025-12-07T00:37:54","date_gmt":"2025-12-06T23:37:54","guid":{"rendered":"https:\/\/vedtilventeren.com\/?post_type=product&#038;p=4530"},"modified":"2025-12-07T00:41:49","modified_gmt":"2025-12-06T23:41:49","slug":"bois-de-chauffage-chene-ultra-sec-palette-700kg","status":"publish","type":"product","link":"https:\/\/vedtilventeren.com\/fr\/produit\/bois-de-chauffage-chene-ultra-sec-palette-700kg\/","title":{"rendered":"Bois de chauffage Ch\u00eane ultra sec palette (700Kg)"},"content":{"rendered":"<p>Bois de chauffage Ch\u00eane (palette)<br \/>\nBois de Fonnegre, votre garantie d\u2019un bois de chauffage parfait!<br \/>\nLe ch\u00eane est une essence de bois dur de qualit\u00e9 connue et \u00e9prouv\u00e9e.<br \/>\nEn plus de la haute efficacit\u00e9, la cuisson assure \u00e9galement une odeur agr\u00e9able et une belle flamme traditionnelle.<br \/>\nCaract\u00e9ristiques bois de chauffage ch\u00eane (palette):<\/p>\n<p>Convient pour un grand po\u00eale \u00e0 chemin\u00e9e<br \/>\nCombustion lente \u2013 effet de flamme vif<br \/>\nS\u00e9chage au four \u2013 br\u00fbler imm\u00e9diatement<\/p>\n<p>Bois de chauffage<br \/>\nLa combustion de votre po\u00eale \u00e0 bois doit \u00eatre agr\u00e9able et ne doit pas provoquer de stress d\u00fb au bois humide ou de mauvaise qualit\u00e9.<br \/>\nUne combustion stable garantit votre s\u00e9curit\u00e9 (le bois mouill\u00e9 d\u00e9gage beaucoup de CO2), fournit une chaleur confortable et vous permet de profiter sans souci.<br \/>\nLa qualit\u00e9 est plus importante qu\u2019un prix bas.<br \/>\nC\u2019est \u00e0 peu pr\u00e8s tout ce que vous achetez. Cependant, en raison de notre grand volume, nous avons pu offrir le meilleur bois de qualit\u00e9 au meilleur prix.<br \/>\nPour la production de nos caisses de bois de chauffage, nous travaillons avec un fabricant qui fournit plus de 850 restaurants et cha\u00eenes h\u00f4teli\u00e8res en Allemagne, entre autres. Ils ne peuvent pas se permettre de fournir du bois de qualit\u00e9 et d\u2019humidit\u00e9 douteuses, car la fum\u00e9e et la combustion instable sont bien s\u00fbr hors de question dans un restaurant.<\/p>\n<p>Exported using <a href=\"https:\/\/boatscrape.com\/\">BoatScrape<\/a><\/p>","protected":false},"excerpt":{"rendered":"<p>Pour po\u00eales de grande taille<\/p>\n<p>Chaleur lente \u2013 flammes vives<br \/>\nS\u00e9ch\u00e9 au four \u2013 chaleur imm\u00e9diate<\/p>\n<p>Cubes allume-feu gratuits<\/p>","protected":false},"featured_media":4611,"comment_status":"open","ping_status":"closed","template":"","meta":[],"product_brand":[],"product_cat":[590],"product_tag":[],"class_list":{"0":"post-4530","1":"product","2":"type-product","3":"status-publish","4":"has-post-thumbnail","6":"product_cat-bois-de-chauffage","8":"first","9":"instock","10":"sale","11":"shipping-taxable","12":"purchasable","13":"product-type-simple"},"jetpack_sharing_enabled":true,"_links":{"self":[{"href":"https:\/\/vedtilventeren.com\/fr\/wp-json\/wp\/v2\/product\/4530","targetHints":{"allow":["GET"]}}],"collection":[{"href":"https:\/\/vedtilventeren.com\/fr\/wp-json\/wp\/v2\/product"}],"about":[{"href":"https:\/\/vedtilventeren.com\/fr\/wp-json\/wp\/v2\/types\/product"}],"replies":[{"embeddable":true,"href":"https:\/\/vedtilventeren.com\/fr\/wp-json\/wp\/v2\/comments?post=4530"}],"version-history":[{"count":1,"href":"https:\/\/vedtilventeren.com\/fr\/wp-json\/wp\/v2\/product\/4530\/revisions"}],"predecessor-version":[{"id":4612,"href":"https:\/\/vedtilventeren.com\/fr\/wp-json\/wp\/v2\/product\/4530\/revisions\/4612"}],"wp:featuredmedia":[{"embeddable":true,"href":"https:\/\/vedtilventeren.com\/fr\/wp-json\/wp\/v2\/media\/4611"}],"wp:attachment":[{"href":"https:\/\/vedtilventeren.com\/fr\/wp-json\/wp\/v2\/media?parent=4530"}],"wp:term":[{"taxonomy":"product_brand","embeddable":true,"href":"https:\/\/vedtilventeren.com\/fr\/wp-json\/wp\/v2\/product_brand?post=4530"},{"taxonomy":"product_cat","embeddable":true,"href":"https:\/\/vedtilventeren.com\/fr\/wp-json\/wp\/v2\/product_cat?post=4530"},{"taxonomy":"product_tag","embeddable":true,"href":"https:\/\/vedtilventeren.com\/fr\/wp-json\/wp\/v2\/product_tag?post=4530"}],"curies":[{"name":"wp","href":"https:\/\/api.w.org\/{rel}","templated":true}]}}