{"id":4531,"date":"2025-12-07T00:37:54","date_gmt":"2025-12-06T23:37:54","guid":{"rendered":"https:\/\/vedtilventeren.com\/?post_type=product&#038;p=4531"},"modified":"2025-12-07T00:41:51","modified_gmt":"2025-12-06T23:41:51","slug":"40-sacs-de-bois-daulne-2-m3-25cm","status":"publish","type":"product","link":"https:\/\/vedtilventeren.com\/fr\/produit\/40-sacs-de-bois-daulne-2-m3-25cm\/","title":{"rendered":"40 sacs de bois d\u2019aulne \u2013 2 m3 \u2013 25cm"},"content":{"rendered":"<p>40 sacs de bois de chauffage d\u2019aulne dess\u00e9ch\u00e9.&nbsp;L\u2019aulne est un bois dur qui br\u00fble magnifiquement proprement.&nbsp;Les sacs font 8kg.&nbsp;Le bois mesure 25 cm et fendu en moyenne.<br \/>\nInformations suppl\u00e9mentaires<\/p>\n<p>Marque<br \/>\nbois d\u2019aulne<\/p>\n<p>Pourcentage d\u2019humidit\u00e9<br \/>\n&lt; 20%<\/p>\n<p>Longueur des b\u00fbches<br \/>\n25cm<\/p>\n<p>Coupe transversale de b\u00fbches<br \/>\n8 \u00e0 12cm<\/p>\n<p>Poids<br \/>\n320 kilogrammes<\/p>\n<p>Le volume<br \/>\n0,70 m3<\/p>\n<p>Mat\u00e9riel<br \/>\nbois d\u2019aulne<\/p>\n<p>Essence<br \/>\nbois d\u2019aulne<\/p>\n<p>Exported using <a href=\"https:\/\/boatscrape.com\/\">BoatScrape<\/a><\/p>","protected":false},"excerpt":{"rendered":"<p>L\u2019aulne produit peu de fum\u00e9e et n\u2019\u00e9clabousse pas.<\/p>\n<p>Pratique dans des sacs en filet<br \/>\nBlocs de 25cm<br \/>\nHumidit\u00e9 inf\u00e9rieure \u00e0 20%<br \/>\nBeau jeu de flamme<\/p>\n<p>Br\u00fble facilement<br \/>\nPour tous les po\u00eales<br \/>\nPeut \u00eatre renvoy\u00e9 imm\u00e9diatement<br \/>\nLivraison gratuite<\/p>","protected":false},"featured_media":4616,"comment_status":"open","ping_status":"closed","template":"","meta":[],"product_brand":[],"product_cat":[590],"product_tag":[],"class_list":{"0":"post-4531","1":"product","2":"type-product","3":"status-publish","4":"has-post-thumbnail","6":"product_cat-bois-de-chauffage","8":"first","9":"instock","10":"sale","11":"shipping-taxable","12":"purchasable","13":"product-type-simple"},"jetpack_sharing_enabled":true,"_links":{"self":[{"href":"https:\/\/vedtilventeren.com\/fr\/wp-json\/wp\/v2\/product\/4531","targetHints":{"allow":["GET"]}}],"collection":[{"href":"https:\/\/vedtilventeren.com\/fr\/wp-json\/wp\/v2\/product"}],"about":[{"href":"https:\/\/vedtilventeren.com\/fr\/wp-json\/wp\/v2\/types\/product"}],"replies":[{"embeddable":true,"href":"https:\/\/vedtilventeren.com\/fr\/wp-json\/wp\/v2\/comments?post=4531"}],"version-history":[{"count":1,"href":"https:\/\/vedtilventeren.com\/fr\/wp-json\/wp\/v2\/product\/4531\/revisions"}],"predecessor-version":[{"id":4617,"href":"https:\/\/vedtilventeren.com\/fr\/wp-json\/wp\/v2\/product\/4531\/revisions\/4617"}],"wp:featuredmedia":[{"embeddable":true,"href":"https:\/\/vedtilventeren.com\/fr\/wp-json\/wp\/v2\/media\/4616"}],"wp:attachment":[{"href":"https:\/\/vedtilventeren.com\/fr\/wp-json\/wp\/v2\/media?parent=4531"}],"wp:term":[{"taxonomy":"product_brand","embeddable":true,"href":"https:\/\/vedtilventeren.com\/fr\/wp-json\/wp\/v2\/product_brand?post=4531"},{"taxonomy":"product_cat","embeddable":true,"href":"https:\/\/vedtilventeren.com\/fr\/wp-json\/wp\/v2\/product_cat?post=4531"},{"taxonomy":"product_tag","embeddable":true,"href":"https:\/\/vedtilventeren.com\/fr\/wp-json\/wp\/v2\/product_tag?post=4531"}],"curies":[{"name":"wp","href":"https:\/\/api.w.org\/{rel}","templated":true}]}}