{"id":4532,"date":"2025-12-07T00:37:54","date_gmt":"2025-12-06T23:37:54","guid":{"rendered":"https:\/\/vedtilventeren.com\/?post_type=product&#038;p=4532"},"modified":"2025-12-07T00:41:52","modified_gmt":"2025-12-06T23:41:52","slug":"4-palettes-2-chene-blanc-2-hetre-charme-buches-de-40-cm","status":"publish","type":"product","link":"https:\/\/vedtilventeren.com\/fr\/produit\/4-palettes-2-chene-blanc-2-hetre-charme-buches-de-40-cm\/","title":{"rendered":"4 \u2013 Palettes (2 ch\u00eane blanc + 2 H\u00eatre\/Charme) \u2013 B\u00fbches de 40 cm"},"content":{"rendered":"<p>Extra s\u00e8ches (18 mois minimum)<br \/>\nles b\u00fbches de ch\u00eane blanc et H\u00eatre\/Charme sont issues de for\u00eats fran\u00e7aises durablement g\u00e9r\u00e9es provenant de Franche Comt\u00e9, des Vosges et du Jura.<br \/>\nLe ch\u00eane blanc est un bois dense qui produit de belles braises \u00e0 l\u2019usage.<br \/>\nIl offre une&nbsp;combustion optimale&nbsp;pour un&nbsp;haut pouvoir calorifique.<br \/>\nLa combustion du h\u00eatre ou du charme produit de belles flammes r\u00e9guli\u00e8res avec un&nbsp;pouvoir calorifique sup\u00e9rieur au Ch\u00eane.<\/p>\n<p>Exported using <a href=\"https:\/\/boatscrape.com\/\">BoatScrape<\/a><\/p>","protected":false},"excerpt":{"rendered":"<p>Essences :&nbsp;Ch\u00eane blanc, H\u00eatre &amp; Charme<\/p>\n<p>Origine :&nbsp;100% bois fran\u00e7ais<\/p>\n<p>Longueur :&nbsp;40 cm<\/p>\n<p>Quantit\u00e9 :&nbsp;&nbsp;10 STERES&nbsp;&nbsp;(11,525 m3)<\/p>\n<p>Unit\u00e9 de vente :&nbsp;&nbsp;4 palettes<\/p>","protected":false},"featured_media":4619,"comment_status":"open","ping_status":"closed","template":"","meta":[],"product_brand":[],"product_cat":[590],"product_tag":[],"class_list":{"0":"post-4532","1":"product","2":"type-product","3":"status-publish","4":"has-post-thumbnail","6":"product_cat-bois-de-chauffage","8":"first","9":"instock","10":"sale","11":"shipping-taxable","12":"purchasable","13":"product-type-simple"},"jetpack_sharing_enabled":true,"_links":{"self":[{"href":"https:\/\/vedtilventeren.com\/fr\/wp-json\/wp\/v2\/product\/4532","targetHints":{"allow":["GET"]}}],"collection":[{"href":"https:\/\/vedtilventeren.com\/fr\/wp-json\/wp\/v2\/product"}],"about":[{"href":"https:\/\/vedtilventeren.com\/fr\/wp-json\/wp\/v2\/types\/product"}],"replies":[{"embeddable":true,"href":"https:\/\/vedtilventeren.com\/fr\/wp-json\/wp\/v2\/comments?post=4532"}],"version-history":[{"count":1,"href":"https:\/\/vedtilventeren.com\/fr\/wp-json\/wp\/v2\/product\/4532\/revisions"}],"predecessor-version":[{"id":4620,"href":"https:\/\/vedtilventeren.com\/fr\/wp-json\/wp\/v2\/product\/4532\/revisions\/4620"}],"wp:featuredmedia":[{"embeddable":true,"href":"https:\/\/vedtilventeren.com\/fr\/wp-json\/wp\/v2\/media\/4619"}],"wp:attachment":[{"href":"https:\/\/vedtilventeren.com\/fr\/wp-json\/wp\/v2\/media?parent=4532"}],"wp:term":[{"taxonomy":"product_brand","embeddable":true,"href":"https:\/\/vedtilventeren.com\/fr\/wp-json\/wp\/v2\/product_brand?post=4532"},{"taxonomy":"product_cat","embeddable":true,"href":"https:\/\/vedtilventeren.com\/fr\/wp-json\/wp\/v2\/product_cat?post=4532"},{"taxonomy":"product_tag","embeddable":true,"href":"https:\/\/vedtilventeren.com\/fr\/wp-json\/wp\/v2\/product_tag?post=4532"}],"curies":[{"name":"wp","href":"https:\/\/api.w.org\/{rel}","templated":true}]}}