{"id":4533,"date":"2025-12-07T00:37:54","date_gmt":"2025-12-06T23:37:54","guid":{"rendered":"https:\/\/vedtilventeren.com\/?post_type=product&#038;p=4533"},"modified":"2025-12-07T00:41:55","modified_gmt":"2025-12-06T23:41:55","slug":"15-sacs-de-bois-de-bouleau-100-sec-de-8-kg-25cm","status":"publish","type":"product","link":"https:\/\/vedtilventeren.com\/fr\/produit\/15-sacs-de-bois-de-bouleau-100-sec-de-8-kg-25cm\/","title":{"rendered":"15 sacs de bois de bouleau 100% sec de 8 kg \u2013 25cm"},"content":{"rendered":"<p>Informations suppl\u00e9mentaires<\/p>\n<p>Marque<br \/>\nBois de bouleau<\/p>\n<p>Pourcentage d\u2019humidit\u00e9<br \/>\n&lt; 20%<\/p>\n<p>Longueur des b\u00fbches<br \/>\n25cm<\/p>\n<p>Coupe transversale de b\u00fbches<br \/>\n8 \u00e0 12cm<\/p>\n<p>Poids<br \/>\n120kg<\/p>\n<p>Le volume<br \/>\n0,35 m3<\/p>\n<p>Mat\u00e9riel<br \/>\nBois de chauffage<\/p>\n<p>Essence<br \/>\nBois de bouleau<\/p>\n<p>Exported using <a href=\"https:\/\/boatscrape.com\/\">BoatScrape<\/a><\/p>","protected":false},"excerpt":{"rendered":"<p>Le bois de bouleau peut \u00eatre br\u00fbler directement et est extr\u00eamement facile \u00e0 utiliser.&nbsp;Le bouleau s\u2019enflamme facilement et produit peu de fum\u00e9e.&nbsp;Le bois de chauffage de bouleau a une belle flamme et ne cr\u00e9pite absolument pas.<br \/>\nLe bouleau br\u00fble proprement, longtemps et ne craque pas.&nbsp;Les sacs sont faciles \u00e0 soulever et prot\u00e9g\u00e9s<\/p>\n<p>Pr\u00eat \u00e0 br\u00fbler imm\u00e9diatement<br \/>\nHumidit\u00e9 inf\u00e9rieure \u00e0 20%<br \/>\nBr\u00fble facilement et longtemps<br \/>\nBlocs 25cm<\/p>\n<p>8kg par filet<br \/>\nFacile \u00e0 soulever<br \/>\nLivraison gratuite<br \/>\nPas de parasites ni de moisissures<\/p>","protected":false},"featured_media":4622,"comment_status":"open","ping_status":"closed","template":"","meta":[],"product_brand":[],"product_cat":[590],"product_tag":[],"class_list":{"0":"post-4533","1":"product","2":"type-product","3":"status-publish","4":"has-post-thumbnail","6":"product_cat-bois-de-chauffage","8":"first","9":"instock","10":"sale","11":"shipping-taxable","12":"purchasable","13":"product-type-simple"},"jetpack_sharing_enabled":true,"_links":{"self":[{"href":"https:\/\/vedtilventeren.com\/fr\/wp-json\/wp\/v2\/product\/4533","targetHints":{"allow":["GET"]}}],"collection":[{"href":"https:\/\/vedtilventeren.com\/fr\/wp-json\/wp\/v2\/product"}],"about":[{"href":"https:\/\/vedtilventeren.com\/fr\/wp-json\/wp\/v2\/types\/product"}],"replies":[{"embeddable":true,"href":"https:\/\/vedtilventeren.com\/fr\/wp-json\/wp\/v2\/comments?post=4533"}],"version-history":[{"count":1,"href":"https:\/\/vedtilventeren.com\/fr\/wp-json\/wp\/v2\/product\/4533\/revisions"}],"predecessor-version":[{"id":4623,"href":"https:\/\/vedtilventeren.com\/fr\/wp-json\/wp\/v2\/product\/4533\/revisions\/4623"}],"wp:featuredmedia":[{"embeddable":true,"href":"https:\/\/vedtilventeren.com\/fr\/wp-json\/wp\/v2\/media\/4622"}],"wp:attachment":[{"href":"https:\/\/vedtilventeren.com\/fr\/wp-json\/wp\/v2\/media?parent=4533"}],"wp:term":[{"taxonomy":"product_brand","embeddable":true,"href":"https:\/\/vedtilventeren.com\/fr\/wp-json\/wp\/v2\/product_brand?post=4533"},{"taxonomy":"product_cat","embeddable":true,"href":"https:\/\/vedtilventeren.com\/fr\/wp-json\/wp\/v2\/product_cat?post=4533"},{"taxonomy":"product_tag","embeddable":true,"href":"https:\/\/vedtilventeren.com\/fr\/wp-json\/wp\/v2\/product_tag?post=4533"}],"curies":[{"name":"wp","href":"https:\/\/api.w.org\/{rel}","templated":true}]}}