{"id":4534,"date":"2025-12-07T00:37:54","date_gmt":"2025-12-06T23:37:54","guid":{"rendered":"https:\/\/vedtilventeren.com\/?post_type=product&#038;p=4534"},"modified":"2025-12-07T00:41:56","modified_gmt":"2025-12-06T23:41:56","slug":"bois-de-chauffage-45-cm-melange-de-bois-durs-palette-2-m3-2-6-steres","status":"publish","type":"product","link":"https:\/\/vedtilventeren.com\/fr\/produit\/bois-de-chauffage-45-cm-melange-de-bois-durs-palette-2-m3-2-6-steres\/","title":{"rendered":"BOIS DE CHAUFFAGE \u2013 45 CM \u2013 M\u00c9LANGE DE BOIS DURS \u2013 PALETTE 2 M3 \u2013 2.6 ST\u00c8RES"},"content":{"rendered":"<p>R\u00e9f\u00e9rence&nbsp;BUCHE_2M3_45<\/p>\n<p>Fiche technique<\/p>\n<p>Certificats : PEFC<br \/>\nTaux  humidit\u00e9 : 25 \u00e0 30%<br \/>\nEssence : M\u00e9lange de bois durs<br \/>\nVolume En M3 : 2 m3<br \/>\nVolume En St\u00e8res : 2.6 st\u00e8res<br \/>\nDimensions Palette : L120xl95xH200cm<br \/>\nTechnique De S\u00e9chage : Naturel en ext\u00e9rieur<br \/>\nType De Bois : Bois dur<br \/>\nLongueur : 45 cm<br \/>\nConditionnement : Palette<br \/>\nOrigine : Belgique<\/p>\n<p>Cette palette de bois d\u2019environ 2 m\u00e8tres de haut est facile \u00e0 ranger (sous r\u00e9serve d\u2019accessibilit\u00e9) et vous garantit d\u2019avoir le nombre de st\u00e8re command\u00e9.<br \/>\nLa palette contient plusieurs essences, exclusivement des bois durs. Cela est donc id\u00e9al pour un bon \u00e9quilibre entre braises et flammes vives.<br \/>\nLe bois est bien refendu en b\u00fbches de 45 cm, le format id\u00e9al pour une chemin\u00e9e ou un insert.<br \/>\nBois de types lourds ou bois de types l\u00e9gers?<br \/>\nLes bois l\u00e9gers sont faciles \u00e0 allumer mais se consument beaucoup trop vite (peuplier, \u00e9rable, tilleul, aulne\u2026)<br \/>\nLes bois lourds sont plus difficile \u00e0 allumer mais ils poss\u00e8dent un pouvoir calorifique \u00e9lev\u00e9 et se consument lentement.<br \/>\nIl est fortement recommand\u00e9 d\u2019\u00e9viter de br\u00fbler des r\u00e9sineux dans votre po\u00eale \u00e0 bois car ils encrassent votre syst\u00e8me de chauffage, g\u00ean\u00e8rent beaucoup de fum\u00e9e et \u00e9mettent des projections pendant la combustion (foyer ouvert)<br \/>\nIl faut \u00e9viter de br\u00fbler des bois qui \u00e9clatent, comme le ch\u00e2taignier et le platane car ils projettent des braises surtout ne pas utiliser dans des foyers ouverts.<br \/>\nIl faut \u00e9galement \u00e9viter les bois qui encrassent, comme les r\u00e9sineux et les bois trop humide car ils font trop de fum\u00e9es et ils d\u00e9posent de la r\u00e9sine dans les conduits.<\/p>\n<p>Exported using <a href=\"https:\/\/boatscrape.com\/\">BoatScrape<\/a><\/p>","protected":false},"excerpt":{"rendered":"<p>Palette perdue (non consign\u00e9e) de 2M3 soit +\/- 2.6 st\u00e8res de bois, en b\u00fbches refendues en 45 cm, m\u00e9lange de bois durs (fr\u00eane, h\u00eatre et charme), s\u00e9chage naturel.<\/p>","protected":false},"featured_media":4627,"comment_status":"open","ping_status":"closed","template":"","meta":[],"product_brand":[],"product_cat":[590],"product_tag":[],"class_list":{"0":"post-4534","1":"product","2":"type-product","3":"status-publish","4":"has-post-thumbnail","6":"product_cat-bois-de-chauffage","8":"first","9":"instock","10":"sale","11":"shipping-taxable","12":"purchasable","13":"product-type-simple"},"jetpack_sharing_enabled":true,"_links":{"self":[{"href":"https:\/\/vedtilventeren.com\/fr\/wp-json\/wp\/v2\/product\/4534","targetHints":{"allow":["GET"]}}],"collection":[{"href":"https:\/\/vedtilventeren.com\/fr\/wp-json\/wp\/v2\/product"}],"about":[{"href":"https:\/\/vedtilventeren.com\/fr\/wp-json\/wp\/v2\/types\/product"}],"replies":[{"embeddable":true,"href":"https:\/\/vedtilventeren.com\/fr\/wp-json\/wp\/v2\/comments?post=4534"}],"version-history":[{"count":1,"href":"https:\/\/vedtilventeren.com\/fr\/wp-json\/wp\/v2\/product\/4534\/revisions"}],"predecessor-version":[{"id":4628,"href":"https:\/\/vedtilventeren.com\/fr\/wp-json\/wp\/v2\/product\/4534\/revisions\/4628"}],"wp:featuredmedia":[{"embeddable":true,"href":"https:\/\/vedtilventeren.com\/fr\/wp-json\/wp\/v2\/media\/4627"}],"wp:attachment":[{"href":"https:\/\/vedtilventeren.com\/fr\/wp-json\/wp\/v2\/media?parent=4534"}],"wp:term":[{"taxonomy":"product_brand","embeddable":true,"href":"https:\/\/vedtilventeren.com\/fr\/wp-json\/wp\/v2\/product_brand?post=4534"},{"taxonomy":"product_cat","embeddable":true,"href":"https:\/\/vedtilventeren.com\/fr\/wp-json\/wp\/v2\/product_cat?post=4534"},{"taxonomy":"product_tag","embeddable":true,"href":"https:\/\/vedtilventeren.com\/fr\/wp-json\/wp\/v2\/product_tag?post=4534"}],"curies":[{"name":"wp","href":"https:\/\/api.w.org\/{rel}","templated":true}]}}