{"id":4537,"date":"2025-12-07T00:37:55","date_gmt":"2025-12-06T23:37:55","guid":{"rendered":"https:\/\/vedtilventeren.com\/?post_type=product&#038;p=4537"},"modified":"2025-12-07T00:42:00","modified_gmt":"2025-12-06T23:42:00","slug":"bois-de-chauffage-25-cm-haute-performance-2-m3-2-60-steres","status":"publish","type":"product","link":"https:\/\/vedtilventeren.com\/fr\/produit\/bois-de-chauffage-25-cm-haute-performance-2-m3-2-60-steres\/","title":{"rendered":"Bois de chauffage \u2013 25 CM \u2013 Haute performance \u2013 2 M3 \u2013 2.60 St\u00e8res"},"content":{"rendered":"<p>R\u00e9f\u00e9rence&nbsp;BUCHE_25_BALLOT2000<\/p>\n<p>Fiche technique<\/p>\n<p>Composition : 100 % feuillus durs : ch\u00eane \u2013 charme \u2013 h\u00eatre \u2013 fr\u00eane<br \/>\nCertificats : NF<br \/>\nPouvoir Calorifique : Sup\u00e9rieur \u00e0 3.9 kWh\/kg<br \/>\nTaux  humidit\u00e9 : Inf\u00e9rieur \u00e0 20%<br \/>\nTaux De Cendres : Inf\u00e9rieur \u00e0 1.5 %<br \/>\nEssence : ch\u00eane \u2013 charme \u2013 h\u00eatre \u2013 fr\u00eane<br \/>\nVolume En M3 : 2 m3<br \/>\nVolume En St\u00e8res : 2.6 st\u00e8res<br \/>\nDimensions Palette : 100x120x185cm<br \/>\nTechnique De S\u00e9chage : En \u00e9tuve<br \/>\nType De Bois : Bois dur<br \/>\nLongueur : 25 cm<br \/>\nDiam\u00e8tre : de 5 cm \u00e0 15 cm<br \/>\nConditionnement : Palette<br \/>\nOrigine : France<\/p>\n<p>Si vous recherchez du bois propre, \u00e9corc\u00e9, pratique \u00e0 manipuler c\u2019est ce bois qu\u2019il vous faut.<br \/>\nPlus besoin de refendre les b\u00fbches car les sections sont petites (de 5 \u00e0 15 cm)<br \/>\nDu bois durs, propre (bross\u00e9 en tambour \u00e9corceur) et ultra sec avec un taux d\u2019humidit\u00e9 \u00e0 20% (Groupe H1 G1).<br \/>\nUn bois haute performance pour moins d\u2019\u00e9missions de particules.<br \/>\nGr\u00e2ce \u00e0 des b\u00fbches sans poussi\u00e8res et sans terre, vous obtiendrez une combustion optimale sans encrasser votre appareil.<br \/>\nElles g\u00e9n\u00e8rent 2 \u00e0 3 fois moins de cendres que du bois \u00e0 35% d\u2019humidit\u00e9.<br \/>\nAvec un bon pouvoir calorifique, l\u2019allumage est rapide et vous aurez une chaleur constante tout au long du feu.<br \/>\nCe bois est certifi\u00e9 NF, 100% fran\u00e7ais. Il est contr\u00f4l\u00e9 r\u00e9guli\u00e8rement au laboratoire CERIC.<\/p>\n<p>Exported using <a href=\"https:\/\/boatscrape.com\/\">BoatScrape<\/a><\/p>","protected":false},"excerpt":{"rendered":"<p>Palette ballot, b\u00fbches de bois en vrac de 2000 dm3 soit 2,6 st\u00e8res, en 25 cm.<\/p>\n<p>M\u00e9lange de bois durs (fr\u00eane, h\u00eatre, ch\u00eane et charme), s\u00e9chage \u00e9tuve, 20% d\u2019humidit\u00e9.<br \/>\nBois propre, bien refendu et partiellement \u00e9corc\u00e9, certifi\u00e9 NF, 100% fran\u00e7ais.<\/p>","protected":false},"featured_media":4648,"comment_status":"open","ping_status":"closed","template":"","meta":[],"product_brand":[],"product_cat":[590],"product_tag":[],"class_list":{"0":"post-4537","1":"product","2":"type-product","3":"status-publish","4":"has-post-thumbnail","6":"product_cat-bois-de-chauffage","8":"first","9":"instock","10":"sale","11":"shipping-taxable","12":"purchasable","13":"product-type-simple"},"jetpack_sharing_enabled":true,"_links":{"self":[{"href":"https:\/\/vedtilventeren.com\/fr\/wp-json\/wp\/v2\/product\/4537","targetHints":{"allow":["GET"]}}],"collection":[{"href":"https:\/\/vedtilventeren.com\/fr\/wp-json\/wp\/v2\/product"}],"about":[{"href":"https:\/\/vedtilventeren.com\/fr\/wp-json\/wp\/v2\/types\/product"}],"replies":[{"embeddable":true,"href":"https:\/\/vedtilventeren.com\/fr\/wp-json\/wp\/v2\/comments?post=4537"}],"version-history":[{"count":1,"href":"https:\/\/vedtilventeren.com\/fr\/wp-json\/wp\/v2\/product\/4537\/revisions"}],"predecessor-version":[{"id":4649,"href":"https:\/\/vedtilventeren.com\/fr\/wp-json\/wp\/v2\/product\/4537\/revisions\/4649"}],"wp:featuredmedia":[{"embeddable":true,"href":"https:\/\/vedtilventeren.com\/fr\/wp-json\/wp\/v2\/media\/4648"}],"wp:attachment":[{"href":"https:\/\/vedtilventeren.com\/fr\/wp-json\/wp\/v2\/media?parent=4537"}],"wp:term":[{"taxonomy":"product_brand","embeddable":true,"href":"https:\/\/vedtilventeren.com\/fr\/wp-json\/wp\/v2\/product_brand?post=4537"},{"taxonomy":"product_cat","embeddable":true,"href":"https:\/\/vedtilventeren.com\/fr\/wp-json\/wp\/v2\/product_cat?post=4537"},{"taxonomy":"product_tag","embeddable":true,"href":"https:\/\/vedtilventeren.com\/fr\/wp-json\/wp\/v2\/product_tag?post=4537"}],"curies":[{"name":"wp","href":"https:\/\/api.w.org\/{rel}","templated":true}]}}