{"id":4583,"date":"2025-12-07T00:41:36","date_gmt":"2025-12-06T23:41:36","guid":{"rendered":"https:\/\/vedtilventeren.com\/?post_type=product&#038;p=4583"},"modified":"2025-12-07T00:42:05","modified_gmt":"2025-12-06T23:42:05","slug":"demi-palette-frene-seche-au-four-25cm","status":"publish","type":"product","link":"https:\/\/vedtilventeren.com\/fr\/produit\/demi-palette-frene-seche-au-four-25cm\/","title":{"rendered":"Demi palette \u2013 Fr\u00eane s\u00e9ch\u00e9 au four \u2013 25cm"},"content":{"rendered":"<p>Palette \u00e9troitement empil\u00e9e avec un m\u00e8tre cube de bois de chauffage de fr\u00eane s\u00e9ch\u00e9 au four.&nbsp;Gr\u00e2ce \u00e0 la flamme chaude, il assure un rendement \u00e9lev\u00e9, rendant le bois de fr\u00eane id\u00e9al pour le chauffage.<br \/>\nInformations suppl\u00e9mentaires<\/p>\n<p>Marque<br \/>\nBois de fr\u00eane<\/p>\n<p>Dimensions (H x L x P)<br \/>\n100 x 85 x 120 cm palette comprise<\/p>\n<p>Pourcentage d\u2019humidit\u00e9<br \/>\n18%<\/p>\n<p>Longueur des b\u00fbches<br \/>\n25cm<\/p>\n<p>Coupe transversale de b\u00fbches<br \/>\n8 \u00e0 12cm<\/p>\n<p>Poids<br \/>\n450 kilogrammes<\/p>\n<p>Volume<br \/>\n1,02 m\u00e8tre cube, palette comprise<\/p>\n<p>Mat\u00e9riel<br \/>\nFr\u00eane feuillus<\/p>\n<p>Les particularit\u00e9s<br \/>\nSelon nos clients le meilleur bois de chauffage \u00e0 br\u00fbler<\/p>\n<p>Essence<br \/>\nFr\u00eane<\/p>\n<p>Exported using <a href=\"https:\/\/boatscrape.com\/\">BoatScrape<\/a><\/p>","protected":false},"excerpt":{"rendered":"<p>Bois de chauffage le plus populaire pour la combustion<\/p>\n<p>S\u00e9ch\u00e9 au four<br \/>\nHumidit\u00e9 18%<br \/>\nPr\u00eat \u00e0 br\u00fbler<\/p>\n<p>Bois dur, br\u00fble longtemps<br \/>\nLongueur du bloc : 25 cm<br \/>\nPour les po\u00eales de taille moyenne<br \/>\nDimensions : 100x80x120cm<br \/>\nLivr\u00e9 sur palette \u201caller simple\u201d<br \/>\nCaisse stable, bien empil\u00e9e<\/p>","protected":false},"featured_media":4657,"comment_status":"open","ping_status":"closed","template":"","meta":[],"product_brand":[],"product_cat":[590],"product_tag":[],"class_list":{"0":"post-4583","1":"product","2":"type-product","3":"status-publish","4":"has-post-thumbnail","6":"product_cat-bois-de-chauffage","8":"first","9":"instock","10":"sale","11":"shipping-taxable","12":"purchasable","13":"product-type-simple"},"jetpack_sharing_enabled":true,"_links":{"self":[{"href":"https:\/\/vedtilventeren.com\/fr\/wp-json\/wp\/v2\/product\/4583","targetHints":{"allow":["GET"]}}],"collection":[{"href":"https:\/\/vedtilventeren.com\/fr\/wp-json\/wp\/v2\/product"}],"about":[{"href":"https:\/\/vedtilventeren.com\/fr\/wp-json\/wp\/v2\/types\/product"}],"replies":[{"embeddable":true,"href":"https:\/\/vedtilventeren.com\/fr\/wp-json\/wp\/v2\/comments?post=4583"}],"version-history":[{"count":1,"href":"https:\/\/vedtilventeren.com\/fr\/wp-json\/wp\/v2\/product\/4583\/revisions"}],"predecessor-version":[{"id":4658,"href":"https:\/\/vedtilventeren.com\/fr\/wp-json\/wp\/v2\/product\/4583\/revisions\/4658"}],"wp:featuredmedia":[{"embeddable":true,"href":"https:\/\/vedtilventeren.com\/fr\/wp-json\/wp\/v2\/media\/4657"}],"wp:attachment":[{"href":"https:\/\/vedtilventeren.com\/fr\/wp-json\/wp\/v2\/media?parent=4583"}],"wp:term":[{"taxonomy":"product_brand","embeddable":true,"href":"https:\/\/vedtilventeren.com\/fr\/wp-json\/wp\/v2\/product_brand?post=4583"},{"taxonomy":"product_cat","embeddable":true,"href":"https:\/\/vedtilventeren.com\/fr\/wp-json\/wp\/v2\/product_cat?post=4583"},{"taxonomy":"product_tag","embeddable":true,"href":"https:\/\/vedtilventeren.com\/fr\/wp-json\/wp\/v2\/product_tag?post=4583"}],"curies":[{"name":"wp","href":"https:\/\/api.w.org\/{rel}","templated":true}]}}