{"id":4584,"date":"2025-12-07T00:41:36","date_gmt":"2025-12-06T23:41:36","guid":{"rendered":"https:\/\/vedtilventeren.com\/?post_type=product&#038;p=4584"},"modified":"2025-12-07T00:42:06","modified_gmt":"2025-12-06T23:42:06","slug":"bois-de-chauffage-40-cm-haute-performance-2-m3-1-85-steres","status":"publish","type":"product","link":"https:\/\/vedtilventeren.com\/fr\/produit\/bois-de-chauffage-40-cm-haute-performance-2-m3-1-85-steres\/","title":{"rendered":"BOIS DE CHAUFFAGE \u2013 40 CM \u2013 HAUTE PERFORMANCE \u2013 2 M3 \u2013 1.85 ST\u00c8RES"},"content":{"rendered":"<p>R\u00e9f\u00e9rence&nbsp;BUCHE_40_BALLOT2000<\/p>\n<p>Fiche technique<\/p>\n<p>Composition : 100 % feuillus durs : ch\u00eane \u2013 charme \u2013 h\u00eatre \u2013 fr\u00eane<br \/>\nCertificats : NF<br \/>\nPouvoir Calorifique : Sup\u00e9rieur \u00e0 3.9 kWh\/kg<br \/>\nTaux  humidit\u00e9 : Inf\u00e9rieur \u00e0 20%<br \/>\nTaux De Cendres : Inf\u00e9rieur \u00e0 1.5%<br \/>\nEssence : ch\u00eane \u2013 charme \u2013 h\u00eatre \u2013 fr\u00eane<br \/>\nVolume En M3 : 2 m3<br \/>\nVolume En St\u00e8res : 1.85 st\u00e8res<br \/>\nDimensions Palette : 100x120x185cm<br \/>\nTechnique De S\u00e9chage : En \u00e9tuve<br \/>\nType De Bois : Bois dur<br \/>\nLongueur : 40 cm<br \/>\nDiam\u00e8tre : de 5 cm \u00e0 15 cm<br \/>\nConditionnement : Palette<br \/>\nOrigine : France<\/p>\n<p>Si vous recherchez du bois propre, \u00e9corc\u00e9, pratique \u00e0 manipuler c\u2019est ce bois qu\u2019il vous faut.<br \/>\nDu bois durs, ultra sec, bien refendu, petite section et propre. (Groupe H1 G1 et bross\u00e9 en tambour \u00e9corceur)<br \/>\nUn bois haute performance pour moins d\u2019\u00e9missions de particules.<br \/>\nFacile \u00e0 utiliser gr\u00e2ce \u00e0 des b\u00fbches mises en vrac sur palette.<br \/>\nUn allumage facile, rapide et une chaleur constante tout au long du feu.<br \/>\nPetits conseils pour bien utiliser ce bois&nbsp;:<br \/>\nPositionnez une ou 2 b\u00fbches au milieu de votre foyer<br \/>\nAjoutez du petit bois d\u2019allumage et un allume feu<br \/>\nAllumez \u00e0 l\u2019aide d\u2019une allumette sur l\u2019allume feu<br \/>\nVous n\u2019aurez plus qu\u2019\u00e0 profiter d\u2019un bon feu.<\/p>\n<p>Exported using <a href=\"https:\/\/boatscrape.com\/\">BoatScrape<\/a><\/p>","protected":false},"excerpt":{"rendered":"<p>Palette ballot, b\u00fbches de bois en vrac de 2000 dm3 soit 1,85 st\u00e8res, en 40 cm.<br \/>\nM\u00e9lange de bois durs (fr\u00eane, h\u00eatre, ch\u00eane et charme), s\u00e9chage \u00e9tuve, 20% d\u2019humidit\u00e9.<br \/>\nBois propre, bien refendu et partiellement \u00e9corc\u00e9, certifi\u00e9 NF, 100% fran\u00e7ais.<\/p>","protected":false},"featured_media":4662,"comment_status":"open","ping_status":"closed","template":"","meta":[],"product_brand":[],"product_cat":[590],"product_tag":[],"class_list":{"0":"post-4584","1":"product","2":"type-product","3":"status-publish","4":"has-post-thumbnail","6":"product_cat-bois-de-chauffage","8":"first","9":"instock","10":"sale","11":"shipping-taxable","12":"purchasable","13":"product-type-simple"},"jetpack_sharing_enabled":true,"_links":{"self":[{"href":"https:\/\/vedtilventeren.com\/fr\/wp-json\/wp\/v2\/product\/4584","targetHints":{"allow":["GET"]}}],"collection":[{"href":"https:\/\/vedtilventeren.com\/fr\/wp-json\/wp\/v2\/product"}],"about":[{"href":"https:\/\/vedtilventeren.com\/fr\/wp-json\/wp\/v2\/types\/product"}],"replies":[{"embeddable":true,"href":"https:\/\/vedtilventeren.com\/fr\/wp-json\/wp\/v2\/comments?post=4584"}],"version-history":[{"count":1,"href":"https:\/\/vedtilventeren.com\/fr\/wp-json\/wp\/v2\/product\/4584\/revisions"}],"predecessor-version":[{"id":4663,"href":"https:\/\/vedtilventeren.com\/fr\/wp-json\/wp\/v2\/product\/4584\/revisions\/4663"}],"wp:featuredmedia":[{"embeddable":true,"href":"https:\/\/vedtilventeren.com\/fr\/wp-json\/wp\/v2\/media\/4662"}],"wp:attachment":[{"href":"https:\/\/vedtilventeren.com\/fr\/wp-json\/wp\/v2\/media?parent=4584"}],"wp:term":[{"taxonomy":"product_brand","embeddable":true,"href":"https:\/\/vedtilventeren.com\/fr\/wp-json\/wp\/v2\/product_brand?post=4584"},{"taxonomy":"product_cat","embeddable":true,"href":"https:\/\/vedtilventeren.com\/fr\/wp-json\/wp\/v2\/product_cat?post=4584"},{"taxonomy":"product_tag","embeddable":true,"href":"https:\/\/vedtilventeren.com\/fr\/wp-json\/wp\/v2\/product_tag?post=4584"}],"curies":[{"name":"wp","href":"https:\/\/api.w.org\/{rel}","templated":true}]}}