{"id":4636,"date":"2025-12-07T00:41:58","date_gmt":"2025-12-06T23:41:58","guid":{"rendered":"https:\/\/vedtilventeren.com\/?post_type=product&#038;p=4636"},"modified":"2025-12-07T00:42:09","modified_gmt":"2025-12-06T23:42:09","slug":"bois-de-chauffage-30-cm-haute-performance-2-m3-2-24-steres","status":"publish","type":"product","link":"https:\/\/vedtilventeren.com\/fr\/produit\/bois-de-chauffage-30-cm-haute-performance-2-m3-2-24-steres\/","title":{"rendered":"BOIS DE CHAUFFAGE \u2013 30 CM \u2013 HAUTE PERFORMANCE \u2013 2 M3 \u2013 2.24 ST\u00c8RES"},"content":{"rendered":"<p>R\u00e9f\u00e9rence&nbsp;BUCHE_30_BALLOT2000<\/p>\n<p>Fiche technique<\/p>\n<p>Composition : 100 % feuillus durs : ch\u00eane \u2013 charme \u2013 h\u00eatre \u2013 fr\u00eane<br \/>\nCertificats : NF<br \/>\nPouvoir Calorifique : Sup\u00e9rieur \u00e0 3.9 kWh\/kg<br \/>\nTaux  humidit\u00e9 : Inf\u00e9rieur \u00e0 20%<br \/>\nTaux De Cendres : Inf\u00e9rieur \u00e0 1.5%<br \/>\nEssence : ch\u00eane \u2013 charme \u2013 h\u00eatre \u2013 fr\u00eane<br \/>\nVolume En M3 : 2 m3<br \/>\nVolume En St\u00e8res : 2.24 st\u00e8res<br \/>\nDimensions Palette : 100x120x185cm<br \/>\nTechnique De S\u00e9chage : En \u00e9tuve<br \/>\nType De Bois : Bois dur<br \/>\nLongueur : 30 cm<br \/>\nDiam\u00e8tre : de 5 cm \u00e0 15 cm<br \/>\nConditionnement : Palette<br \/>\nOrigine : France<\/p>\n<p>Si vous recherchez du bois propre, \u00e9corc\u00e9, pratique \u00e0 manipuler c\u2019est ce bois qu\u2019il vous faut.<br \/>\nBois en b\u00fbches bien refendues en 30 cm, petite section, id\u00e9al pour les petits appareils de chauffage : po\u00eales ou inserts.<br \/>\nUn bois haute performance pour moins d\u2019\u00e9missions de particules.<br \/>\nLes b\u00fbches \u00e9tant rang\u00e9es en vrac sur cette palette, vous les aurez \u00e0 port\u00e9e de main.<br \/>\nMoins de contraintes qu\u2019avec les autres bois, car celui-ci \u00e9tant \u00e9corc\u00e9 partiellement, il sera moins poussi\u00e9reux. (bross\u00e9 en tambour \u00e9corceur)<br \/>\nPlus facile \u00e0 manipuler, vous b\u00e9n\u00e9ficierez d\u2019une chaleur constante sans encrasser votre appareil.<br \/>\nDu bois durs, ultra sec pr\u00eat \u00e0 utiliser, NF, 100% fran\u00e7ais. (Groupe H1 G1)<\/p>\n<p>Exported using <a href=\"https:\/\/boatscrape.com\/\">BoatScrape<\/a><\/p>","protected":false},"excerpt":{"rendered":"<p>Palette ballot, b\u00fbches de bois en vrac de 2000 dm3 soit 2,24 st\u00e8res, en 30 cm.<br \/>\nM\u00e9lange de bois durs (fr\u00eane, h\u00eatre, ch\u00eane et charme), s\u00e9chage \u00e9tuve, 20% d\u2019humidit\u00e9.<br \/>\nBois propre, bien refendu et partiellement \u00e9corc\u00e9, certifi\u00e9 NF, 100% fran\u00e7ais.<\/p>","protected":false},"featured_media":4676,"comment_status":"open","ping_status":"closed","template":"","meta":[],"product_brand":[],"product_cat":[590],"product_tag":[],"class_list":{"0":"post-4636","1":"product","2":"type-product","3":"status-publish","4":"has-post-thumbnail","6":"product_cat-bois-de-chauffage","8":"first","9":"instock","10":"sale","11":"shipping-taxable","12":"purchasable","13":"product-type-simple"},"jetpack_sharing_enabled":true,"_links":{"self":[{"href":"https:\/\/vedtilventeren.com\/fr\/wp-json\/wp\/v2\/product\/4636","targetHints":{"allow":["GET"]}}],"collection":[{"href":"https:\/\/vedtilventeren.com\/fr\/wp-json\/wp\/v2\/product"}],"about":[{"href":"https:\/\/vedtilventeren.com\/fr\/wp-json\/wp\/v2\/types\/product"}],"replies":[{"embeddable":true,"href":"https:\/\/vedtilventeren.com\/fr\/wp-json\/wp\/v2\/comments?post=4636"}],"version-history":[{"count":1,"href":"https:\/\/vedtilventeren.com\/fr\/wp-json\/wp\/v2\/product\/4636\/revisions"}],"predecessor-version":[{"id":4677,"href":"https:\/\/vedtilventeren.com\/fr\/wp-json\/wp\/v2\/product\/4636\/revisions\/4677"}],"wp:featuredmedia":[{"embeddable":true,"href":"https:\/\/vedtilventeren.com\/fr\/wp-json\/wp\/v2\/media\/4676"}],"wp:attachment":[{"href":"https:\/\/vedtilventeren.com\/fr\/wp-json\/wp\/v2\/media?parent=4636"}],"wp:term":[{"taxonomy":"product_brand","embeddable":true,"href":"https:\/\/vedtilventeren.com\/fr\/wp-json\/wp\/v2\/product_brand?post=4636"},{"taxonomy":"product_cat","embeddable":true,"href":"https:\/\/vedtilventeren.com\/fr\/wp-json\/wp\/v2\/product_cat?post=4636"},{"taxonomy":"product_tag","embeddable":true,"href":"https:\/\/vedtilventeren.com\/fr\/wp-json\/wp\/v2\/product_tag?post=4636"}],"curies":[{"name":"wp","href":"https:\/\/api.w.org\/{rel}","templated":true}]}}