{"id":4637,"date":"2025-12-07T00:41:58","date_gmt":"2025-12-06T23:41:58","guid":{"rendered":"https:\/\/vedtilventeren.com\/?post_type=product&#038;p=4637"},"modified":"2025-12-07T00:42:09","modified_gmt":"2025-12-06T23:42:09","slug":"bois-de-chauffage-33-cm-sec-melange-de-bois-durs-palette-1-m3-1-5-steres","status":"publish","type":"product","link":"https:\/\/vedtilventeren.com\/fr\/produit\/bois-de-chauffage-33-cm-sec-melange-de-bois-durs-palette-1-m3-1-5-steres\/","title":{"rendered":"BOIS DE CHAUFFAGE \u2013 33 CM \u2013 SEC \u2013 M\u00c9LANGE DE BOIS DURS \u2013 PALETTE 1 M3 \u2013 1.5 ST\u00c8RES"},"content":{"rendered":"<p>R\u00e9f\u00e9rence&nbsp;BUCHE_1M3_33<\/p>\n<p>Fiche technique<\/p>\n<p>Taux  humidit\u00e9 : 20 et 25%<br \/>\nEssence : Charme, ch\u00eane, h\u00eatre et fr\u00eane<br \/>\nVolume En M3 : 1 m3<br \/>\nVolume En St\u00e8res : 1,5 st\u00e8res<br \/>\nTechnique De S\u00e9chage : Naturel en ext\u00e9rieur<br \/>\nType De Bois : Bois dur<br \/>\nLongueur : 33 cm<br \/>\nConditionnement : Demi palette<br \/>\nOrigine : France<\/p>\n<p>Ces box de bois sont constitu\u00e9s de m\u00e9langes de bois durs, s\u00e9ch\u00e9s naturellement \u00e0 l\u2019air libre, et stock\u00e9 en ext\u00e9rieur pour qu\u2019il reste ventil\u00e9.<br \/>\nLe m\u00e9lange de bois permet d\u2019obtenir des flammes autant que des braises. Ces bois sont conseill\u00e9s pour le chauffage ou la flamb\u00e9e d\u2019agr\u00e9ment et ont un excellent pouvoir calorifique.<br \/>\nLes b\u00fbches sont coup\u00e9es en 33 cm puis rang\u00e9es sur palette, ce qui garantit le nombre de st\u00e8res command\u00e9s.<br \/>\nSon petit format est id\u00e9al pour les personnes ayant peu de place de stockage ou pour une petite flamb\u00e9e occasionnelle.<br \/>\nCe bois est fabriqu\u00e9 en Belgique et 100% naturel.<br \/>\nIl convient parfaitement aux po\u00eales et inserts \u00e0 bois pour des tailles de b\u00fbches allant jusqu\u2019\u00e0 33 cm.<\/p>\n<p>Exported using <a href=\"https:\/\/boatscrape.com\/\">BoatScrape<\/a><\/p>","protected":false},"excerpt":{"rendered":"<p>Palette perdue (non consign\u00e9e) de 1M3 soit +\/- 1,5 st\u00e8res de bois, en b\u00fbches refendues en 33 cm, m\u00e9lange de bois durs.<\/p>","protected":false},"featured_media":4670,"comment_status":"open","ping_status":"closed","template":"","meta":[],"product_brand":[],"product_cat":[590],"product_tag":[],"class_list":{"0":"post-4637","1":"product","2":"type-product","3":"status-publish","4":"has-post-thumbnail","6":"product_cat-bois-de-chauffage","8":"first","9":"instock","10":"sale","11":"shipping-taxable","12":"purchasable","13":"product-type-simple"},"jetpack_sharing_enabled":true,"_links":{"self":[{"href":"https:\/\/vedtilventeren.com\/fr\/wp-json\/wp\/v2\/product\/4637","targetHints":{"allow":["GET"]}}],"collection":[{"href":"https:\/\/vedtilventeren.com\/fr\/wp-json\/wp\/v2\/product"}],"about":[{"href":"https:\/\/vedtilventeren.com\/fr\/wp-json\/wp\/v2\/types\/product"}],"replies":[{"embeddable":true,"href":"https:\/\/vedtilventeren.com\/fr\/wp-json\/wp\/v2\/comments?post=4637"}],"version-history":[{"count":1,"href":"https:\/\/vedtilventeren.com\/fr\/wp-json\/wp\/v2\/product\/4637\/revisions"}],"predecessor-version":[{"id":4678,"href":"https:\/\/vedtilventeren.com\/fr\/wp-json\/wp\/v2\/product\/4637\/revisions\/4678"}],"wp:featuredmedia":[{"embeddable":true,"href":"https:\/\/vedtilventeren.com\/fr\/wp-json\/wp\/v2\/media\/4670"}],"wp:attachment":[{"href":"https:\/\/vedtilventeren.com\/fr\/wp-json\/wp\/v2\/media?parent=4637"}],"wp:term":[{"taxonomy":"product_brand","embeddable":true,"href":"https:\/\/vedtilventeren.com\/fr\/wp-json\/wp\/v2\/product_brand?post=4637"},{"taxonomy":"product_cat","embeddable":true,"href":"https:\/\/vedtilventeren.com\/fr\/wp-json\/wp\/v2\/product_cat?post=4637"},{"taxonomy":"product_tag","embeddable":true,"href":"https:\/\/vedtilventeren.com\/fr\/wp-json\/wp\/v2\/product_tag?post=4637"}],"curies":[{"name":"wp","href":"https:\/\/api.w.org\/{rel}","templated":true}]}}