{"id":4638,"date":"2025-12-07T00:41:59","date_gmt":"2025-12-06T23:41:59","guid":{"rendered":"https:\/\/vedtilventeren.com\/?post_type=product&#038;p=4638"},"modified":"2025-12-07T00:42:10","modified_gmt":"2025-12-06T23:42:10","slug":"bois-de-chauffage-25-cm-palette-2-m3-3-3-steres","status":"publish","type":"product","link":"https:\/\/vedtilventeren.com\/fr\/produit\/bois-de-chauffage-25-cm-palette-2-m3-3-3-steres\/","title":{"rendered":"Bois de chauffage \u2013 25 cm \u2013 Palette 2 m3 \u2013 3.3 st\u00e8res"},"content":{"rendered":"<p>R\u00e9f\u00e9rence&nbsp;BUCHE_2M3_25<\/p>\n<p>Fiche technique<\/p>\n<p>Certificats : PEFC<br \/>\nTaux  humidit\u00e9 : 25 \u00e0 30%<br \/>\nEssence : M\u00e9lange de bois durs<br \/>\nVolume En M3 : 2 m3<br \/>\nVolume En St\u00e8res : 3.3 st\u00e8res<br \/>\nDimensions Palette : L120xl95xH200cm<br \/>\nTechnique De S\u00e9chage : Naturel en ext\u00e9rieur<br \/>\nType De Bois : Bois dur<br \/>\nLongueur : 25 cm<br \/>\nConditionnement : Palette<br \/>\nOrigine : Belgique<\/p>\n<p>Cette palette de bois d\u2019environ 2 m\u00e8tres de haut est facile \u00e0 ranger (sous r\u00e9serve d\u2019accessibilit\u00e9) et vous garantit d\u2019avoir le nombre de st\u00e8res command\u00e9.<br \/>\nDes b\u00fbches refendues en 25 cm, sp\u00e9cialement con\u00e7ues pour les petits po\u00eales ou foyers \u00e0 bois.<br \/>\nPlus le bois est sec et plus le pouvoir calorifique sera \u00e9lev\u00e9 et la mont\u00e9e en temp\u00e9rature sera plus rapide.<br \/>\nEn br\u00fblant du bois sec, vous encrasserez pas votre chauffage et d\u00e9gagerez moins de fum\u00e9es polluantes.<br \/>\nEn choisissant de vous chauffer au bois, vous choisissez un chauffage \u00e9cologique tout en faisant des \u00e9conomies.<\/p>\n<p>Exported using <a href=\"https:\/\/boatscrape.com\/\">BoatScrape<\/a><\/p>","protected":false},"excerpt":{"rendered":"<p>Palette perdue (non consign\u00e9e) de 2M3 soit +\/- 3.3 st\u00e8res de bois, en b\u00fbches refendues en 25 cm, m\u00e9lange de bois durs (fr\u00eane, h\u00eatre et charme), s\u00e9chage naturel.<\/p>","protected":false},"featured_media":4679,"comment_status":"open","ping_status":"closed","template":"","meta":[],"product_brand":[],"product_cat":[590],"product_tag":[],"class_list":{"0":"post-4638","1":"product","2":"type-product","3":"status-publish","4":"has-post-thumbnail","6":"product_cat-bois-de-chauffage","8":"first","9":"instock","10":"sale","11":"shipping-taxable","12":"purchasable","13":"product-type-simple"},"jetpack_sharing_enabled":true,"_links":{"self":[{"href":"https:\/\/vedtilventeren.com\/fr\/wp-json\/wp\/v2\/product\/4638","targetHints":{"allow":["GET"]}}],"collection":[{"href":"https:\/\/vedtilventeren.com\/fr\/wp-json\/wp\/v2\/product"}],"about":[{"href":"https:\/\/vedtilventeren.com\/fr\/wp-json\/wp\/v2\/types\/product"}],"replies":[{"embeddable":true,"href":"https:\/\/vedtilventeren.com\/fr\/wp-json\/wp\/v2\/comments?post=4638"}],"version-history":[{"count":1,"href":"https:\/\/vedtilventeren.com\/fr\/wp-json\/wp\/v2\/product\/4638\/revisions"}],"predecessor-version":[{"id":4680,"href":"https:\/\/vedtilventeren.com\/fr\/wp-json\/wp\/v2\/product\/4638\/revisions\/4680"}],"wp:featuredmedia":[{"embeddable":true,"href":"https:\/\/vedtilventeren.com\/fr\/wp-json\/wp\/v2\/media\/4679"}],"wp:attachment":[{"href":"https:\/\/vedtilventeren.com\/fr\/wp-json\/wp\/v2\/media?parent=4638"}],"wp:term":[{"taxonomy":"product_brand","embeddable":true,"href":"https:\/\/vedtilventeren.com\/fr\/wp-json\/wp\/v2\/product_brand?post=4638"},{"taxonomy":"product_cat","embeddable":true,"href":"https:\/\/vedtilventeren.com\/fr\/wp-json\/wp\/v2\/product_cat?post=4638"},{"taxonomy":"product_tag","embeddable":true,"href":"https:\/\/vedtilventeren.com\/fr\/wp-json\/wp\/v2\/product_tag?post=4638"}],"curies":[{"name":"wp","href":"https:\/\/api.w.org\/{rel}","templated":true}]}}