{"id":4639,"date":"2025-12-07T00:41:59","date_gmt":"2025-12-06T23:41:59","guid":{"rendered":"https:\/\/vedtilventeren.com\/?post_type=product&#038;p=4639"},"modified":"2025-12-07T00:42:10","modified_gmt":"2025-12-06T23:42:10","slug":"buches-premium-crepito-30-cm","status":"publish","type":"product","link":"https:\/\/vedtilventeren.com\/fr\/produit\/buches-premium-crepito-30-cm\/","title":{"rendered":"B\u00fbches Premium Cre\u0301pito\u00ae \u2013 30 cm"},"content":{"rendered":"<p>Les Cr\u00e9pito\u00ae B\u00fbches Premium sont issues des meilleures essences de feuillus (Groupe 1: ch\u00eane, h\u00eatre, charme) reconnues pour leur pouvoir calorifique \u00e9lev\u00e9. Elles proviennent de for\u00eats de proximit\u00e9 g\u00e9r\u00e9es durablement.&nbsp;&nbsp; Le calibrage des Cr\u00e9pito\u00ae B\u00fbches Premium en petites sections r\u00e9guli\u00e8res de 14&nbsp; cm maximum (longueur 25, 30 ou 40 cm) r\u00e9pond aux donn\u00e9es techniques des nouveaux appareils de chauffage au bois et permet une efficacit\u00e9 \u00e9nerg\u00e9tique maximum. Il contribue ainsi \u00e0 l\u2019optimisation de l\u2019appareil et du conduit.<\/p>\n<p>&nbsp;<\/p>\n<p>Le s\u00e9chage \u00e0 un taux d\u2019humidit\u00e9 inf\u00e9rieur \u00e0 20 % garantit une combustion optimale (contre \u2248 35 %, taux&nbsp; habituel rencontr\u00e9 dans le commerce pour un bois de qualit\u00e9 NF H2 et correspondant \u00e0 1 an de s\u00e9chage).&nbsp;&nbsp; Les connexes de la production sont recycl\u00e9s \u00e0 100 %. Ils alimentent la chaufferie du site de production.<br \/>\nLes Cr\u00e9pito\u00ae B\u00fbches Premium sont propres et r\u00e9guli\u00e8res, faciles \u00e0 utiliser et \u00e0 stocker !<\/p>\n<p>B\u00fbche de bois Fendue et en grande partie \u00e9corc\u00e9e<\/p>\n<p>Exported using <a href=\"https:\/\/boatscrape.com\/\">BoatScrape<\/a><\/p>","protected":false},"excerpt":{"rendered":"<p>Origine&nbsp;:&nbsp;100 % bois fran\u00e7ais<br \/>\nType du bois&nbsp;:&nbsp;100 % feuillus durs : ch\u00eane \u2013 charme \u2013 h\u00eatre<br \/>\nQualit\u00e9&nbsp;:&nbsp;Groupe H1 G1<br \/>\nLongueur&nbsp;:&nbsp;30<br \/>\nSection&nbsp;:&nbsp;8 cm \u2264 90 % Vol. \u2264 14 cm<br \/>\nTaux de cendre&nbsp;:&nbsp;&nbsp;\u2264 1,5 %<br \/>\nPCI sur brut&nbsp;:&nbsp;3,9 kWh.kg-1 \u2264&nbsp; PCI \u2264 4,2 kWh.kg-1<br \/>\nTaux d\u2019humidit\u00e9&nbsp;:&nbsp;10 % \u2264 H \u2264 20 % sur brut<br \/>\nComportement&nbsp;:&nbsp;Allumage rapide et chaleur imm\u00e9diate<br \/>\nPerformance&nbsp;:&nbsp;Garantie du rendement de l\u2019appareil<br \/>\nUtilisation&nbsp;:&nbsp;Imm\u00e9diate<\/p>","protected":false},"featured_media":4609,"comment_status":"open","ping_status":"closed","template":"","meta":[],"product_brand":[],"product_cat":[590],"product_tag":[],"class_list":{"0":"post-4639","1":"product","2":"type-product","3":"status-publish","4":"has-post-thumbnail","6":"product_cat-bois-de-chauffage","8":"first","9":"instock","10":"sale","11":"shipping-taxable","12":"purchasable","13":"product-type-simple"},"jetpack_sharing_enabled":true,"_links":{"self":[{"href":"https:\/\/vedtilventeren.com\/fr\/wp-json\/wp\/v2\/product\/4639","targetHints":{"allow":["GET"]}}],"collection":[{"href":"https:\/\/vedtilventeren.com\/fr\/wp-json\/wp\/v2\/product"}],"about":[{"href":"https:\/\/vedtilventeren.com\/fr\/wp-json\/wp\/v2\/types\/product"}],"replies":[{"embeddable":true,"href":"https:\/\/vedtilventeren.com\/fr\/wp-json\/wp\/v2\/comments?post=4639"}],"version-history":[{"count":1,"href":"https:\/\/vedtilventeren.com\/fr\/wp-json\/wp\/v2\/product\/4639\/revisions"}],"predecessor-version":[{"id":4681,"href":"https:\/\/vedtilventeren.com\/fr\/wp-json\/wp\/v2\/product\/4639\/revisions\/4681"}],"wp:featuredmedia":[{"embeddable":true,"href":"https:\/\/vedtilventeren.com\/fr\/wp-json\/wp\/v2\/media\/4609"}],"wp:attachment":[{"href":"https:\/\/vedtilventeren.com\/fr\/wp-json\/wp\/v2\/media?parent=4639"}],"wp:term":[{"taxonomy":"product_brand","embeddable":true,"href":"https:\/\/vedtilventeren.com\/fr\/wp-json\/wp\/v2\/product_brand?post=4639"},{"taxonomy":"product_cat","embeddable":true,"href":"https:\/\/vedtilventeren.com\/fr\/wp-json\/wp\/v2\/product_cat?post=4639"},{"taxonomy":"product_tag","embeddable":true,"href":"https:\/\/vedtilventeren.com\/fr\/wp-json\/wp\/v2\/product_tag?post=4639"}],"curies":[{"name":"wp","href":"https:\/\/api.w.org\/{rel}","templated":true}]}}