{"id":4641,"date":"2025-12-07T00:41:59","date_gmt":"2025-12-06T23:41:59","guid":{"rendered":"https:\/\/vedtilventeren.com\/?post_type=product&#038;p=4641"},"modified":"2025-12-07T00:42:11","modified_gmt":"2025-12-06T23:42:11","slug":"caisse-de-bois-de-chauffage-25cm-bois-durs-2m3","status":"publish","type":"product","link":"https:\/\/vedtilventeren.com\/fr\/produit\/caisse-de-bois-de-chauffage-25cm-bois-durs-2m3\/","title":{"rendered":"Caisse de Bois de chauffage 25cm-bois durs (2m3)"},"content":{"rendered":"<p>Cette palette de bois d\u2019environ 2 m\u00e8tres de haut est facile \u00e0 ranger (sous r\u00e9serve d\u2019accessibilit\u00e9) et vous garantit d\u2019avoir le nombre de st\u00e8re command\u00e9.<br \/>\nLa palette contient plusieurs essences, exclusivement des bois durs.<br \/>\nCela est donc id\u00e9al pour un bon \u00e9quilibre entre braises et flammes vives.<br \/>\nLe bois est bien refendu en b\u00fbches de 25 cm, le format id\u00e9al pour une chemin\u00e9e ou un insert.<\/p>\n<p>Exported using <a href=\"https:\/\/boatscrape.com\/\">BoatScrape<\/a><\/p>","protected":false},"excerpt":{"rendered":"<p>Taux d\u2019humidit\u00e9: Inf\u00e9rieur \u00e0 25%<br \/>\nEssence: M\u00e9lange de bois durs<br \/>\nVolume en m3: 2 m3<br \/>\nVolume en st\u00e8res: 3 st\u00e8res<br \/>\nDimensions palette: L120xl95xH200cm<br \/>\nTechnique de s\u00e9chage: Naturel<br \/>\nType de bois: Bois durs<\/p>","protected":false},"featured_media":4596,"comment_status":"open","ping_status":"closed","template":"","meta":[],"product_brand":[],"product_cat":[590],"product_tag":[],"class_list":{"0":"post-4641","1":"product","2":"type-product","3":"status-publish","4":"has-post-thumbnail","6":"product_cat-bois-de-chauffage","8":"first","9":"instock","10":"sale","11":"shipping-taxable","12":"purchasable","13":"product-type-simple"},"jetpack_sharing_enabled":true,"_links":{"self":[{"href":"https:\/\/vedtilventeren.com\/fr\/wp-json\/wp\/v2\/product\/4641","targetHints":{"allow":["GET"]}}],"collection":[{"href":"https:\/\/vedtilventeren.com\/fr\/wp-json\/wp\/v2\/product"}],"about":[{"href":"https:\/\/vedtilventeren.com\/fr\/wp-json\/wp\/v2\/types\/product"}],"replies":[{"embeddable":true,"href":"https:\/\/vedtilventeren.com\/fr\/wp-json\/wp\/v2\/comments?post=4641"}],"version-history":[{"count":1,"href":"https:\/\/vedtilventeren.com\/fr\/wp-json\/wp\/v2\/product\/4641\/revisions"}],"predecessor-version":[{"id":4684,"href":"https:\/\/vedtilventeren.com\/fr\/wp-json\/wp\/v2\/product\/4641\/revisions\/4684"}],"wp:featuredmedia":[{"embeddable":true,"href":"https:\/\/vedtilventeren.com\/fr\/wp-json\/wp\/v2\/media\/4596"}],"wp:attachment":[{"href":"https:\/\/vedtilventeren.com\/fr\/wp-json\/wp\/v2\/media?parent=4641"}],"wp:term":[{"taxonomy":"product_brand","embeddable":true,"href":"https:\/\/vedtilventeren.com\/fr\/wp-json\/wp\/v2\/product_brand?post=4641"},{"taxonomy":"product_cat","embeddable":true,"href":"https:\/\/vedtilventeren.com\/fr\/wp-json\/wp\/v2\/product_cat?post=4641"},{"taxonomy":"product_tag","embeddable":true,"href":"https:\/\/vedtilventeren.com\/fr\/wp-json\/wp\/v2\/product_tag?post=4641"}],"curies":[{"name":"wp","href":"https:\/\/api.w.org\/{rel}","templated":true}]}}