{"id":4642,"date":"2025-12-07T00:41:59","date_gmt":"2025-12-06T23:41:59","guid":{"rendered":"https:\/\/vedtilventeren.com\/?post_type=product&#038;p=4642"},"modified":"2025-12-07T00:42:12","modified_gmt":"2025-12-06T23:42:12","slug":"40-sacs-de-bois-sec-100-frene-8-kg","status":"publish","type":"product","link":"https:\/\/vedtilventeren.com\/fr\/produit\/40-sacs-de-bois-sec-100-frene-8-kg\/","title":{"rendered":"40 sacs de bois sec \u2013 100% fr\u00eane \u2013 8 kg"},"content":{"rendered":"<p>Le bois de fr\u00eane peut \u00eatre compar\u00e9 au bois de chauffage de ch\u00eane.&nbsp;<br \/>\nLe bois de fr\u00eane est tout aussi dur et a une combustion lente.&nbsp;L\u2019avantage du fr\u00eane est que ce bois ne contient pas d\u2019acides.&nbsp;Cela vous donne une flamme silencieuse et le bois n\u2019\u00e9clabousse absolument pas.&nbsp;La cendre bien s\u00e9ch\u00e9e est un r\u00e9gal pour les yeux.<br \/>\nLes cendres s\u2019enflamment facilement et br\u00fblent proprement.&nbsp;Le bois de fr\u00eane a un rendement tr\u00e8s \u00e9lev\u00e9 et ne fume pas.&nbsp;Il est recommand\u00e9 d\u2019utiliser du petit bois et des allume-feu pour allumer le feu.&nbsp;Cela emp\u00eache l\u2019encombrement inutile de fum\u00e9e et de suie dans votre po\u00eale.<br \/>\nInformations suppl\u00e9mentaires<\/p>\n<p>Num\u00e9ro de l\u2019article<\/p>\n<p>Marque<br \/>\nbois de fr\u00eane<\/p>\n<p>Dimensions (H x L x P)<br \/>\n1,00x 1,20x 0,85m<\/p>\n<p>Pourcentage d\u2019humidit\u00e9<br \/>\n&lt; 20%<\/p>\n<p>Longueur des b\u00fbches<br \/>\n25cm<\/p>\n<p>Coupe transversale de b\u00fbches<br \/>\n8 \u00e0 12cm<\/p>\n<p>Poids<br \/>\n320 kilogrammes<\/p>\n<p>Le volume<br \/>\n0,70 m3<\/p>\n<p>Mat\u00e9riel<br \/>\nbois de fr\u00eane<\/p>\n<p>Essence<br \/>\nbois de fr\u00eane<\/p>\n<p>Exported using <a href=\"https:\/\/boatscrape.com\/\">BoatScrape<\/a><\/p>","protected":false},"excerpt":{"rendered":"<p>Peut \u00eatre renvoy\u00e9 imm\u00e9diatement<br \/>\nHumidit\u00e9 inf\u00e9rieure \u00e0 20%<br \/>\nBr\u00fble facilement et longtemps<br \/>\nBlocs 25cm<\/p>\n<p>8kg par filet<br \/>\nFacile \u00e0 soulever<br \/>\nLivraison gratuite<br \/>\nPas de parasites ni de moisissures<\/p>","protected":false},"featured_media":4685,"comment_status":"open","ping_status":"closed","template":"","meta":[],"product_brand":[],"product_cat":[590],"product_tag":[],"class_list":{"0":"post-4642","1":"product","2":"type-product","3":"status-publish","4":"has-post-thumbnail","6":"product_cat-bois-de-chauffage","8":"first","9":"instock","10":"sale","11":"shipping-taxable","12":"purchasable","13":"product-type-simple"},"jetpack_sharing_enabled":true,"_links":{"self":[{"href":"https:\/\/vedtilventeren.com\/fr\/wp-json\/wp\/v2\/product\/4642","targetHints":{"allow":["GET"]}}],"collection":[{"href":"https:\/\/vedtilventeren.com\/fr\/wp-json\/wp\/v2\/product"}],"about":[{"href":"https:\/\/vedtilventeren.com\/fr\/wp-json\/wp\/v2\/types\/product"}],"replies":[{"embeddable":true,"href":"https:\/\/vedtilventeren.com\/fr\/wp-json\/wp\/v2\/comments?post=4642"}],"version-history":[{"count":1,"href":"https:\/\/vedtilventeren.com\/fr\/wp-json\/wp\/v2\/product\/4642\/revisions"}],"predecessor-version":[{"id":4686,"href":"https:\/\/vedtilventeren.com\/fr\/wp-json\/wp\/v2\/product\/4642\/revisions\/4686"}],"wp:featuredmedia":[{"embeddable":true,"href":"https:\/\/vedtilventeren.com\/fr\/wp-json\/wp\/v2\/media\/4685"}],"wp:attachment":[{"href":"https:\/\/vedtilventeren.com\/fr\/wp-json\/wp\/v2\/media?parent=4642"}],"wp:term":[{"taxonomy":"product_brand","embeddable":true,"href":"https:\/\/vedtilventeren.com\/fr\/wp-json\/wp\/v2\/product_brand?post=4642"},{"taxonomy":"product_cat","embeddable":true,"href":"https:\/\/vedtilventeren.com\/fr\/wp-json\/wp\/v2\/product_cat?post=4642"},{"taxonomy":"product_tag","embeddable":true,"href":"https:\/\/vedtilventeren.com\/fr\/wp-json\/wp\/v2\/product_tag?post=4642"}],"curies":[{"name":"wp","href":"https:\/\/api.w.org\/{rel}","templated":true}]}}