{"id":4698,"date":"2025-12-07T00:42:17","date_gmt":"2025-12-06T23:42:17","guid":{"rendered":"https:\/\/vedtilventeren.com\/?post_type=product&#038;p=4698"},"modified":"2025-12-07T00:42:24","modified_gmt":"2025-12-06T23:42:24","slug":"2-palettes-de-6-steres-40cm","status":"publish","type":"product","link":"https:\/\/vedtilventeren.com\/fr\/produit\/2-palettes-de-6-steres-40cm\/","title":{"rendered":"2 palettes de 6 st\u00e8res \u2013 40cm"},"content":{"rendered":"<h3>Caract\u00e9ristiques :<\/h3>\n<div class=\"pbs-wrap\">\n<div class=\"pbs-wrap\">\n<ul>\n<li>Origine : France<\/li>\n<li>Certification : NF Bois de Chauffage.<\/li>\n<li>Classe \u2013 Groupe : Groupe H1 \u2013 G1<\/li>\n<li>Taux d\u2019humidit\u00e9 (a\u0300 c\u0153ur sur brut) : \u2264 20 %<\/li>\n<li>Utilisation : Imm\u00e9diate<\/li>\n<li>PCI sur brut* : \u2265 3,9 kWh kg-1<\/li>\n<\/ul>\n<h3>Informations compl\u00e9mentaires :<\/h3>\n<div class=\"pbs-wrap active\">\n<div class=\"pbs-wrap\">\n<ul>\n<li>Type : Feuillus durs<\/li>\n<li>Essences : Ch\u00eane \u2013 Charme \u2013 H\u00eatre \u2013 Fr\u00eane.<\/li>\n<li>Allumage rapide et chaleur imm\u00e9diate<\/li>\n<li>Garantie du rendement de l\u2019appareil<\/li>\n<li>Taux de cendre : \u2264 1,5 %<\/li>\n<\/ul>\n<h3>Conditionnement :<\/h3>\n<div class=\"pbs-wrap\">\n<div class=\"pbs-wrap\">\n<ul>\n<li>Longueur 40 cm (\u00b1 2 cm)<\/li>\n<li>Section : 8 cm \u2264 90 % Vol. \u2264 14 cm<\/li>\n<li>1 palette = 1 Ballot<\/li>\n<li>1 Ballot = 2000 dm\u00b3 (volume bois vrac)<\/li>\n<li>Dimensions palette = 100 \u00d7 120 \u00d7 H 185<\/li>\n<li>Poids de 621 KG par palette. (40 cm)<\/li>\n<\/ul>\n<\/div>\n<\/div>\n<\/div>\n<\/div>\n<\/div>\n<\/div>\n<p>Exported using <a href=\"https:\/\/boatscrape.com\/\">BoatScrape<\/a><\/p>","protected":false},"excerpt":{"rendered":"<p>Compos\u00e9 des meilleures essences de feuillus durs : ch\u00eane, charme, fr\u00eane et h\u00eatre.<br \/>\nNous garantissons un rendement maximal de votre Po\u00eale \u00e0 bois.<\/p>\n<p>Longueur : 40cm (\u22605%)<br \/>\nType de bois : 100% feuillus durs : ch\u00eane \u2013 charme \u2013 h\u00eatre \u2013 fr\u00eane<br \/>\nTaux d\u2019humidit\u00e9 : \u2264 20%<br \/>\nTaux de cendre : \u2264 1,5%<\/p>","protected":false},"featured_media":4729,"comment_status":"open","ping_status":"closed","template":"","meta":[],"product_brand":[],"product_cat":[593],"product_tag":[],"class_list":{"0":"post-4698","1":"product","2":"type-product","3":"status-publish","4":"has-post-thumbnail","6":"product_cat-stere-de-40-cm","8":"first","9":"instock","10":"shipping-taxable","11":"purchasable","12":"product-type-simple"},"jetpack_sharing_enabled":true,"_links":{"self":[{"href":"https:\/\/vedtilventeren.com\/fr\/wp-json\/wp\/v2\/product\/4698","targetHints":{"allow":["GET"]}}],"collection":[{"href":"https:\/\/vedtilventeren.com\/fr\/wp-json\/wp\/v2\/product"}],"about":[{"href":"https:\/\/vedtilventeren.com\/fr\/wp-json\/wp\/v2\/types\/product"}],"replies":[{"embeddable":true,"href":"https:\/\/vedtilventeren.com\/fr\/wp-json\/wp\/v2\/comments?post=4698"}],"version-history":[{"count":1,"href":"https:\/\/vedtilventeren.com\/fr\/wp-json\/wp\/v2\/product\/4698\/revisions"}],"predecessor-version":[{"id":4730,"href":"https:\/\/vedtilventeren.com\/fr\/wp-json\/wp\/v2\/product\/4698\/revisions\/4730"}],"wp:featuredmedia":[{"embeddable":true,"href":"https:\/\/vedtilventeren.com\/fr\/wp-json\/wp\/v2\/media\/4729"}],"wp:attachment":[{"href":"https:\/\/vedtilventeren.com\/fr\/wp-json\/wp\/v2\/media?parent=4698"}],"wp:term":[{"taxonomy":"product_brand","embeddable":true,"href":"https:\/\/vedtilventeren.com\/fr\/wp-json\/wp\/v2\/product_brand?post=4698"},{"taxonomy":"product_cat","embeddable":true,"href":"https:\/\/vedtilventeren.com\/fr\/wp-json\/wp\/v2\/product_cat?post=4698"},{"taxonomy":"product_tag","embeddable":true,"href":"https:\/\/vedtilventeren.com\/fr\/wp-json\/wp\/v2\/product_tag?post=4698"}],"curies":[{"name":"wp","href":"https:\/\/api.w.org\/{rel}","templated":true}]}}