{"id":4707,"date":"2025-12-07T00:42:18","date_gmt":"2025-12-06T23:42:18","guid":{"rendered":"https:\/\/vedtilventeren.com\/?post_type=product&#038;p=4707"},"modified":"2025-12-07T00:42:28","modified_gmt":"2025-12-06T23:42:28","slug":"3-palettes-de-9-steres-30cm","status":"publish","type":"product","link":"https:\/\/vedtilventeren.com\/fr\/produit\/3-palettes-de-9-steres-30cm\/","title":{"rendered":"3 palettes de 9 st\u00e8res \u2013 30cm"},"content":{"rendered":"<h3>Caract\u00e9ristiques :<\/h3>\n<div class=\"pbs-wrap\">\n<div class=\"pbs-wrap\">\n<ul>\n<li>Origine : France<\/li>\n<li>Certification : NF Bois de Chauffage.<\/li>\n<li>Classe \u2013 Groupe : Groupe H1 \u2013 G1<\/li>\n<li>Taux d\u2019humidit\u00e9 (a\u0300 c\u0153ur sur brut) : \u2264 20 %<\/li>\n<li>Utilisation : Imm\u00e9diate<\/li>\n<li>PCI sur brut* : \u2265 3,9 kWh kg-1<\/li>\n<\/ul>\n<h3>Informations compl\u00e9mentaires :<\/h3>\n<div class=\"pbs-wrap active\">\n<div class=\"pbs-wrap\">\n<ul>\n<li>Type : Feuillus durs<\/li>\n<li>Essences : Ch\u00eane \u2013 Charme \u2013 H\u00eatre \u2013 Fr\u00eane.<\/li>\n<li>Allumage rapide et chaleur imm\u00e9diate<\/li>\n<li>Garantie du rendement de l\u2019appareil<\/li>\n<li>Taux de cendre : \u2264 1,5 %<\/li>\n<\/ul>\n<h3>Conditionnement :<\/h3>\n<div class=\"pbs-wrap\">\n<div class=\"pbs-wrap\">\n<ul>\n<li>Longueur des b\u00fbches : 30 cm<\/li>\n<li>Diam\u00e8tre : Entre 8 cm (au minimum 90% des b\u00fbches) et 14 cm (maximum)<\/li>\n<li>Une palette \u00e9quivaut \u00e0 un ballot<\/li>\n<li>Un ballot \u00e9quivaut \u00e0 1700 dm\u00b3 de bois en vrac<\/li>\n<li>Dimensions de la palette : Environ 120 cm x 120 cm x 160 cm de hauteur<\/li>\n<\/ul>\n<\/div>\n<\/div>\n<\/div>\n<\/div>\n<\/div>\n<\/div>\n<p>Exported using <a href=\"https:\/\/boatscrape.com\/\">BoatScrape<\/a><\/p>","protected":false},"excerpt":{"rendered":"<p>Compos\u00e9 des meilleures essences de feuillus durs : ch\u00eane, charme, fr\u00eane et h\u00eatre.<br \/>\nNous garantissons un rendement maximal de votre Po\u00eale \u00e0 bois.<\/p>\n<p>Longueur : 30cm (\u22605%)<br \/>\nType de bois : 100% feuillus durs : ch\u00eane \u2013 charme \u2013 h\u00eatre \u2013 fr\u00eane<br \/>\nTaux d\u2019humidit\u00e9 : \u2264 20%<br \/>\nTaux de cendre : \u2264 1,5%<\/p>","protected":false},"featured_media":4718,"comment_status":"open","ping_status":"closed","template":"","meta":[],"product_brand":[],"product_cat":[595],"product_tag":[],"class_list":{"0":"post-4707","1":"product","2":"type-product","3":"status-publish","4":"has-post-thumbnail","6":"product_cat-stere-de-30-cm","8":"first","9":"instock","10":"shipping-taxable","11":"purchasable","12":"product-type-simple"},"jetpack_sharing_enabled":true,"_links":{"self":[{"href":"https:\/\/vedtilventeren.com\/fr\/wp-json\/wp\/v2\/product\/4707","targetHints":{"allow":["GET"]}}],"collection":[{"href":"https:\/\/vedtilventeren.com\/fr\/wp-json\/wp\/v2\/product"}],"about":[{"href":"https:\/\/vedtilventeren.com\/fr\/wp-json\/wp\/v2\/types\/product"}],"replies":[{"embeddable":true,"href":"https:\/\/vedtilventeren.com\/fr\/wp-json\/wp\/v2\/comments?post=4707"}],"version-history":[{"count":1,"href":"https:\/\/vedtilventeren.com\/fr\/wp-json\/wp\/v2\/product\/4707\/revisions"}],"predecessor-version":[{"id":4745,"href":"https:\/\/vedtilventeren.com\/fr\/wp-json\/wp\/v2\/product\/4707\/revisions\/4745"}],"wp:featuredmedia":[{"embeddable":true,"href":"https:\/\/vedtilventeren.com\/fr\/wp-json\/wp\/v2\/media\/4718"}],"wp:attachment":[{"href":"https:\/\/vedtilventeren.com\/fr\/wp-json\/wp\/v2\/media?parent=4707"}],"wp:term":[{"taxonomy":"product_brand","embeddable":true,"href":"https:\/\/vedtilventeren.com\/fr\/wp-json\/wp\/v2\/product_brand?post=4707"},{"taxonomy":"product_cat","embeddable":true,"href":"https:\/\/vedtilventeren.com\/fr\/wp-json\/wp\/v2\/product_cat?post=4707"},{"taxonomy":"product_tag","embeddable":true,"href":"https:\/\/vedtilventeren.com\/fr\/wp-json\/wp\/v2\/product_tag?post=4707"}],"curies":[{"name":"wp","href":"https:\/\/api.w.org\/{rel}","templated":true}]}}